{"id":10,"date":"2019-01-31T11:43:08","date_gmt":"2019-01-31T10:43:08","guid":{"rendered":"http:\/\/metalltechnik-grossenhain.eu\/?page_id=10"},"modified":"2021-04-19T08:51:19","modified_gmt":"2021-04-19T06:51:19","slug":"ansprechpartner","status":"publish","type":"page","link":"https:\/\/metalltechnik-grossenhain.de\/?page_id=10","title":{"rendered":"Ansprechpartner"},"content":{"rendered":"\n<p class=\"has-very-light-gray-color has-text-color has-background has-large-font-size\" style=\"background-color:#1856d3\">Zentrale<\/p>\n\n\n\n<figure class=\"wp-block-table is-style-stripes\"><table><tbody><tr><td>Metalltechnik <br>Gro\u00dfenhainer Maschinenbau GmbH<br>An der Textimabr\u00fccke 3, <br>01558 Gro\u00dfenhain<\/td><td>03522 36430<\/td><td><a href=\"mailto:s.nestler@metalltechnik-grossenhain.de\">s.nestler@metalltechnik-grossenhain.de<\/a><\/td><\/tr><\/tbody><\/table><\/figure>\n\n\n\n<p><\/p>\n","protected":false},"excerpt":{"rendered":"<p>Zentrale Metalltechnik Gro\u00dfenhainer Maschinenbau GmbHAn der Textimabr\u00fccke 3, 01558 Gro\u00dfenhain 03522 36430 s.nestler@metalltechnik-grossenhain.de<\/p>\n","protected":false},"author":1,"featured_media":0,"parent":0,"menu_order":0,"comment_status":"closed","ping_status":"closed","template":"","meta":{"advanced_seo_description":"","spay_email":""},"jetpack_sharing_enabled":true,"jetpack_likes_enabled":true,"_links":{"self":[{"href":"https:\/\/metalltechnik-grossenhain.de\/index.php?rest_route=\/wp\/v2\/pages\/10"}],"collection":[{"href":"https:\/\/metalltechnik-grossenhain.de\/index.php?rest_route=\/wp\/v2\/pages"}],"about":[{"href":"https:\/\/metalltechnik-grossenhain.de\/index.php?rest_route=\/wp\/v2\/types\/page"}],"author":[{"embeddable":true,"href":"https:\/\/metalltechnik-grossenhain.de\/index.php?rest_route=\/wp\/v2\/users\/1"}],"replies":[{"embeddable":true,"href":"https:\/\/metalltechnik-grossenhain.de\/index.php?rest_route=%2Fwp%2Fv2%2Fcomments&post=10"}],"version-history":[{"count":4,"href":"https:\/\/metalltechnik-grossenhain.de\/index.php?rest_route=\/wp\/v2\/pages\/10\/revisions"}],"predecessor-version":[{"id":1674,"href":"https:\/\/metalltechnik-grossenhain.de\/index.php?rest_route=\/wp\/v2\/pages\/10\/revisions\/1674"}],"wp:attachment":[{"href":"https:\/\/metalltechnik-grossenhain.de\/index.php?rest_route=%2Fwp%2Fv2%2Fmedia&parent=10"}],"curies":[{"name":"wp","href":"https:\/\/api.w.org\/{rel}","templated":true}]}}