{"id":1513,"date":"2021-04-15T08:46:23","date_gmt":"2021-04-15T06:46:23","guid":{"rendered":"https:\/\/metalltechnik-grossenhain.de\/?page_id=1513"},"modified":"2021-04-15T08:46:23","modified_gmt":"2021-04-15T06:46:23","slug":"partner-an-unserer-seite","status":"publish","type":"page","link":"https:\/\/metalltechnik-grossenhain.de\/?page_id=1513","title":{"rendered":"Partner an unserer Seite"},"content":{"rendered":"\n<p>Mit diesen Firmen arbeiten wir f\u00fcr die Realisierung Ihrer W\u00fcnsche sehr gut zusammen.<\/p>\n\n\n\n<ul><li>Tobias Prometall<\/li><li>Taupitz Laser- und Umformtechnik aus Gro\u00dfenhain bei Dresden<\/li><li>Multikon GmbH<\/li><li>Stahlbau Hanke<\/li><li>Ostec GmbH<\/li><li>Galvanik J\u00e4sche<\/li><li>Galvanik Heidenau<\/li><li>Galvanik Reese<\/li><li>Plasmanitriertechnik B\u00f6hm<\/li><li>Br\u00fcniererei Lietz<\/li><li>Thyssen Krupp Materials<\/li><li>Sasta GmbH<\/li><li>Bikar Aluminium GmbH<\/li><li>und viele weitere Partner.<\/li><\/ul>\n\n\n\n<p><\/p>\n","protected":false},"excerpt":{"rendered":"<p>Mit diesen Firmen arbeiten wir f\u00fcr die Realisierung Ihrer W\u00fcnsche sehr gut zusammen. Tobias Prometall Taupitz Laser- und Umformtechnik aus Gro\u00dfenhain bei Dresden Multikon GmbH Stahlbau Hanke Ostec GmbH Galvanik J\u00e4sche Galvanik Heidenau Galvanik Reese Plasmanitriertechnik B\u00f6hm Br\u00fcniererei Lietz Thyssen Krupp Materials Sasta GmbH Bikar Aluminium GmbH und viele weitere Partner.<\/p>\n","protected":false},"author":1,"featured_media":0,"parent":0,"menu_order":0,"comment_status":"closed","ping_status":"closed","template":"","meta":{"advanced_seo_description":"","spay_email":""},"jetpack_sharing_enabled":true,"jetpack_likes_enabled":true,"_links":{"self":[{"href":"https:\/\/metalltechnik-grossenhain.de\/index.php?rest_route=\/wp\/v2\/pages\/1513"}],"collection":[{"href":"https:\/\/metalltechnik-grossenhain.de\/index.php?rest_route=\/wp\/v2\/pages"}],"about":[{"href":"https:\/\/metalltechnik-grossenhain.de\/index.php?rest_route=\/wp\/v2\/types\/page"}],"author":[{"embeddable":true,"href":"https:\/\/metalltechnik-grossenhain.de\/index.php?rest_route=\/wp\/v2\/users\/1"}],"replies":[{"embeddable":true,"href":"https:\/\/metalltechnik-grossenhain.de\/index.php?rest_route=%2Fwp%2Fv2%2Fcomments&post=1513"}],"version-history":[{"count":1,"href":"https:\/\/metalltechnik-grossenhain.de\/index.php?rest_route=\/wp\/v2\/pages\/1513\/revisions"}],"predecessor-version":[{"id":1514,"href":"https:\/\/metalltechnik-grossenhain.de\/index.php?rest_route=\/wp\/v2\/pages\/1513\/revisions\/1514"}],"wp:attachment":[{"href":"https:\/\/metalltechnik-grossenhain.de\/index.php?rest_route=%2Fwp%2Fv2%2Fmedia&parent=1513"}],"curies":[{"name":"wp","href":"https:\/\/api.w.org\/{rel}","templated":true}]}}