{"id":1858,"date":"2022-05-19T12:12:48","date_gmt":"2022-05-19T10:12:48","guid":{"rendered":"https:\/\/metalltechnik-grossenhain.de\/?page_id=1858"},"modified":"2022-11-03T11:18:58","modified_gmt":"2022-11-03T10:18:58","slug":"stellenanzeigen","status":"publish","type":"page","link":"https:\/\/metalltechnik-grossenhain.de\/?page_id=1858","title":{"rendered":"Stellenanzeigen"},"content":{"rendered":"\t\t<div data-elementor-type=\"wp-page\" data-elementor-id=\"1858\" class=\"elementor elementor-1858\">\n\t\t\t\t\t\t<div class=\"elementor-inner\">\n\t\t\t\t<div class=\"elementor-section-wrap\">\n\t\t\t\t\t\t\t\t\t<main class=\"elementor-section elementor-top-section elementor-element elementor-element-88ed893 elementor-section-stretched elementor-section-boxed elementor-section-height-default elementor-section-height-default\" data-id=\"88ed893\" data-element_type=\"section\" data-settings=\"{&quot;stretch_section&quot;:&quot;section-stretched&quot;,&quot;animation&quot;:&quot;none&quot;,&quot;background_background&quot;:&quot;classic&quot;}\">\n\t\t\t\t\t\t\t<div class=\"elementor-background-overlay\"><\/div>\n\t\t\t\t\t\t\t<div class=\"elementor-container elementor-column-gap-default\">\n\t\t\t\t\t\t\t<div class=\"elementor-row\">\n\t\t\t\t\t<div class=\"elementor-column elementor-col-100 elementor-top-column elementor-element elementor-element-e036d03\" data-id=\"e036d03\" data-element_type=\"column\">\n\t\t\t<div class=\"elementor-column-wrap elementor-element-populated\">\n\t\t\t\t\t\t\t<div class=\"elementor-widget-wrap\">\n\t\t\t\t\t\t<section class=\"elementor-section elementor-inner-section elementor-element elementor-element-464783d elementor-section-boxed elementor-section-height-default elementor-section-height-default\" data-id=\"464783d\" data-element_type=\"section\">\n\t\t\t\t\t\t<div class=\"elementor-container elementor-column-gap-default\">\n\t\t\t\t\t\t\t<div class=\"elementor-row\">\n\t\t\t\t\t<div class=\"elementor-column elementor-col-66 elementor-inner-column elementor-element elementor-element-62f5663\" data-id=\"62f5663\" data-element_type=\"column\">\n\t\t\t<div class=\"elementor-column-wrap elementor-element-populated\">\n\t\t\t\t\t\t\t<div class=\"elementor-widget-wrap\">\n\t\t\t\t\t\t<div class=\"elementor-element elementor-element-8d89bfc elementor-tabs-view-horizontal elementor-widget elementor-widget-tabs\" data-id=\"8d89bfc\" data-element_type=\"widget\" data-widget_type=\"tabs.default\">\n\t\t\t\t<div class=\"elementor-widget-container\">\n\t\t\t\t\t<div class=\"elementor-tabs\">\n\t\t\t<div class=\"elementor-tabs-wrapper\" role=\"tablist\" >\n\t\t\t\t\t\t\t\t\t<div id=\"elementor-tab-title-1481\" class=\"elementor-tab-title elementor-tab-desktop-title\" aria-selected=\"true\" data-tab=\"1\" role=\"tab\" tabindex=\"0\" aria-controls=\"elementor-tab-content-1481\" aria-expanded=\"false\"><a href=\"\">Maschinenbauingenieur*in<\/a><\/div>\n\t\t\t\t\t\t\t\t\t<div id=\"elementor-tab-title-1482\" class=\"elementor-tab-title elementor-tab-desktop-title\" aria-selected=\"false\" data-tab=\"2\" role=\"tab\" tabindex=\"-1\" aria-controls=\"elementor-tab-content-1482\" aria-expanded=\"false\"><a href=\"\">Zerspanungsmechaniker*in<\/a><\/div>\n\t\t\t\t\t\t\t\t\t<div id=\"elementor-tab-title-1483\" class=\"elementor-tab-title elementor-tab-desktop-title\" aria-selected=\"false\" data-tab=\"3\" role=\"tab\" tabindex=\"-1\" aria-controls=\"elementor-tab-content-1483\" aria-expanded=\"false\"><a href=\"\">Werkzeugmacher*in<\/a><\/div>\n\t\t\t\t\t\t\t<\/div>\n\t\t\t<div class=\"elementor-tabs-content-wrapper\" role=\"tablist\" aria-orientation=\"vertical\">\n\t\t\t\t\t\t\t\t\t<div class=\"elementor-tab-title elementor-tab-mobile-title\" aria-selected=\"true\" data-tab=\"1\" role=\"tab\" tabindex=\"0\" aria-controls=\"elementor-tab-content-1481\" aria-expanded=\"false\">Maschinenbauingenieur*in<\/div>\n\t\t\t\t\t<div id=\"elementor-tab-content-1481\" class=\"elementor-tab-content elementor-clearfix\" data-tab=\"1\" role=\"tabpanel\" aria-labelledby=\"elementor-tab-title-1481\" tabindex=\"0\" hidden=\"false\"><p><span style=\"color: #ffffff; font-family: 'Open Sans', Arial, Helvetica; font-size: 14px; display: inline !important;\">Wir suchen zum n\u00e4chstm\u00f6glichen Termin<\/span><br style=\"box-sizing: inherit; color: #222222; font-family: 'Open Sans', Arial, Helvetica; font-size: 14px;\" \/><br style=\"box-sizing: inherit; color: #222222; font-family: 'Open Sans', Arial, Helvetica; font-size: 14px;\" \/><span style=\"color: #ffffff; font-family: 'Open Sans', Arial, Helvetica; font-size: 14px; display: inline !important;\">2 Maschinenbauingenieure (m\/w\/d) in Vollzeit.<\/span><br style=\"box-sizing: inherit; color: #222222; font-family: 'Open Sans', Arial, Helvetica; font-size: 14px;\" \/><br style=\"box-sizing: inherit; color: #222222; font-family: 'Open Sans', Arial, Helvetica; font-size: 14px;\" \/><span style=\"color: #ffffff; font-family: 'Open Sans', Arial, Helvetica; font-size: 14px; display: inline !important;\">Zu Ihren Aufgaben geh\u00f6ren:<\/span><br style=\"box-sizing: inherit; color: #222222; font-family: 'Open Sans', Arial, Helvetica; font-size: 14px;\" \/><span style=\"color: #ffffff; font-family: 'Open Sans', Arial, Helvetica; font-size: 14px; display: inline !important;\">&#8211; Produktionslenkung\/Kooperation\/Terminierung\/Einkauf<\/span><br style=\"box-sizing: inherit; color: #222222; font-family: 'Open Sans', Arial, Helvetica; font-size: 14px;\" \/><span style=\"color: #ffffff; font-family: 'Open Sans', Arial, Helvetica; font-size: 14px; display: inline !important;\">oder<\/span><br style=\"box-sizing: inherit; color: #222222; font-family: 'Open Sans', Arial, Helvetica; font-size: 14px;\" \/><span style=\"color: #ffffff; font-family: 'Open Sans', Arial, Helvetica; font-size: 14px; display: inline !important;\">&#8211; Arbeitsvorbereitung f\u00fcr die Fertigung in der Zerspanung<\/span><br style=\"box-sizing: inherit; color: #222222; font-family: 'Open Sans', Arial, Helvetica; font-size: 14px;\" \/><br style=\"box-sizing: inherit; color: #222222; font-family: 'Open Sans', Arial, Helvetica; font-size: 14px;\" \/><span style=\"color: #ffffff; font-family: 'Open Sans', Arial, Helvetica; font-size: 14px; display: inline !important;\">Voraussetzungen:<\/span><br style=\"box-sizing: inherit; color: #222222; font-family: 'Open Sans', Arial, Helvetica; font-size: 14px;\" \/><span style=\"color: #ffffff; font-family: 'Open Sans', Arial, Helvetica; font-size: 14px; display: inline !important;\">&#8211; abgeschlossenes Studium im Bereich Maschinenbau<\/span><br style=\"box-sizing: inherit; color: #222222; font-family: 'Open Sans', Arial, Helvetica; font-size: 14px;\" \/><span style=\"color: #ffffff; font-family: 'Open Sans', Arial, Helvetica; font-size: 14px; display: inline !important;\">&#8211; erste nachweisebare Berufserfahrung im Aufgabenbereich<\/span><br style=\"box-sizing: inherit; color: #222222; font-family: 'Open Sans', Arial, Helvetica; font-size: 14px;\" \/><span style=\"color: #ffffff; font-family: 'Open Sans', Arial, Helvetica; font-size: 14px; display: inline !important;\">&#8211; idealerweise Kenntnisse in der Anwendung von &#8222;Navision&#8220;<\/span><br style=\"box-sizing: inherit; color: #222222; font-family: 'Open Sans', Arial, Helvetica; font-size: 14px;\" \/><span style=\"color: #ffffff; font-family: 'Open Sans', Arial, Helvetica; font-size: 14px; display: inline !important;\">&#8211; strukturierte l\u00f6sungsorientierte und selbst\u00e4ndige Arbeitsweise<\/span><br style=\"box-sizing: inherit; color: #222222; font-family: 'Open Sans', Arial, Helvetica; font-size: 14px;\" \/><span style=\"color: #ffffff; font-family: 'Open Sans', Arial, Helvetica; font-size: 14px; display: inline !important;\">&#8211; Kommunikationsst\u00e4rke, Teamf\u00e4higkeit<\/span><br style=\"box-sizing: inherit; color: #222222; font-family: 'Open Sans', Arial, Helvetica; font-size: 14px;\" \/><br style=\"box-sizing: inherit; color: #222222; font-family: 'Open Sans', Arial, Helvetica; font-size: 14px;\" \/><span style=\"color: #ffffff; font-family: 'Open Sans', Arial, Helvetica; font-size: 14px; display: inline !important;\">Wir bieten Ihnen eine unbefristete Vollzeit-Perspektive in einem dynamischen, auch auf Ihre Vorstellungen eingehenden Unternehmen und freuen uns auf Ihre Bewerbung unter Angabe Ihres idealen Aufgabengebietes, Ihres m\u00f6glichen Beginntermins und Ihrer Gehaltsvorstellungen.<\/span><br style=\"box-sizing: inherit; color: #222222; font-family: 'Open Sans', Arial, Helvetica; font-size: 14px;\" \/><br style=\"box-sizing: inherit; color: #222222; font-family: 'Open Sans', Arial, Helvetica; font-size: 14px;\" \/><span style=\"color: #ffffff; font-family: 'Open Sans', Arial, Helvetica; font-size: 14px; display: inline !important;\">Ihre Bewerbung senden Sie vorzugsweise per E-Mail an Hr. Schafranka (p.schafranka@metalltechnik-grossenhain.de).<\/span><\/p><\/div>\n\t\t\t\t\t\t\t\t\t<div class=\"elementor-tab-title elementor-tab-mobile-title\" aria-selected=\"false\" data-tab=\"2\" role=\"tab\" tabindex=\"-1\" aria-controls=\"elementor-tab-content-1482\" aria-expanded=\"false\">Zerspanungsmechaniker*in<\/div>\n\t\t\t\t\t<div id=\"elementor-tab-content-1482\" class=\"elementor-tab-content elementor-clearfix\" data-tab=\"2\" role=\"tabpanel\" aria-labelledby=\"elementor-tab-title-1482\" tabindex=\"0\" hidden=\"hidden\"><p><span style=\"color: #ffffff; font-family: 'Open Sans', Arial, Helvetica; font-size: 14px; display: inline !important;\">Wir sind ein mittelst\u00e4ndisches Unternehmen, dass sowohl f\u00fcr die Entwicklung und die Fertigung von Sondermaschinen und Automatisierungstechnik als auch f\u00fcr die Produktion von Maschinenbauteilen und Baugruppen deutschlandweit t\u00e4tig ist.<\/span><br style=\"box-sizing: inherit; color: #222222; font-family: 'Open Sans', Arial, Helvetica; font-size: 14px;\" \/><br style=\"box-sizing: inherit; color: #222222; font-family: 'Open Sans', Arial, Helvetica; font-size: 14px;\" \/><span style=\"color: #ffffff; font-family: 'Open Sans', Arial, Helvetica; font-size: 14px; display: inline !important;\">Ab sofort suchen wir einen motivierten Zerspanungsmechaniker (m\/w\/d) zur Verst\u00e4rkung unseres Teams.<\/span><br style=\"box-sizing: inherit; color: #222222; font-family: 'Open Sans', Arial, Helvetica; font-size: 14px;\" \/><br style=\"box-sizing: inherit; color: #222222; font-family: 'Open Sans', Arial, Helvetica; font-size: 14px;\" \/><span style=\"color: #ffffff; font-family: 'Open Sans', Arial, Helvetica; font-size: 14px; display: inline !important;\">Ihre Aufgaben:<\/span><br style=\"box-sizing: inherit; color: #222222; font-family: 'Open Sans', Arial, Helvetica; font-size: 14px;\" \/><span style=\"color: #ffffff; font-family: 'Open Sans', Arial, Helvetica; font-size: 14px; display: inline !important;\">&#8211; Bedienung und Programmierung von CNC-Maschinen<\/span><br style=\"box-sizing: inherit; color: #222222; font-family: 'Open Sans', Arial, Helvetica; font-size: 14px;\" \/><span style=\"color: #ffffff; font-family: 'Open Sans', Arial, Helvetica; font-size: 14px; display: inline !important;\">&#8211; Herstellung von Dreh- und Fr\u00e4steilen in der Einzel- bis Serienfertigung<\/span><br style=\"box-sizing: inherit; color: #222222; font-family: 'Open Sans', Arial, Helvetica; font-size: 14px;\" \/><br style=\"box-sizing: inherit; color: #222222; font-family: 'Open Sans', Arial, Helvetica; font-size: 14px;\" \/><span style=\"color: #ffffff; font-family: 'Open Sans', Arial, Helvetica; font-size: 14px; display: inline !important;\">Ihr Profil:<\/span><br style=\"box-sizing: inherit; color: #222222; font-family: 'Open Sans', Arial, Helvetica; font-size: 14px;\" \/><span style=\"color: #ffffff; font-family: 'Open Sans', Arial, Helvetica; font-size: 14px; display: inline !important;\">&#8211; Sie haben einen Abschluss eines Metallberufes (z.B.: Zerspanungsmechaniker\/in, Industriemechaniker\/in, Metallbauer\/in)<\/span><br style=\"box-sizing: inherit; color: #222222; font-family: 'Open Sans', Arial, Helvetica; font-size: 14px;\" \/><span style=\"color: #ffffff; font-family: 'Open Sans', Arial, Helvetica; font-size: 14px; display: inline !important;\">&#8211; Auch Quereinsteiger mit entspr. einschl\u00e4giger Vorerfahrung sind herzlich willkommen<\/span><br style=\"box-sizing: inherit; color: #222222; font-family: 'Open Sans', Arial, Helvetica; font-size: 14px;\" \/><span style=\"color: #ffffff; font-family: 'Open Sans', Arial, Helvetica; font-size: 14px; display: inline !important;\">&#8211; Hohes Qualit\u00e4tsbewusstsein<\/span><br style=\"box-sizing: inherit; color: #222222; font-family: 'Open Sans', Arial, Helvetica; font-size: 14px;\" \/><span style=\"color: #ffffff; font-family: 'Open Sans', Arial, Helvetica; font-size: 14px; display: inline !important;\">&#8211; Gewissenhaftigkeit<\/span><br style=\"box-sizing: inherit; color: #222222; font-family: 'Open Sans', Arial, Helvetica; font-size: 14px;\" \/><br style=\"box-sizing: inherit; color: #222222; font-family: 'Open Sans', Arial, Helvetica; font-size: 14px;\" \/><span style=\"color: #ffffff; font-family: 'Open Sans', Arial, Helvetica; font-size: 14px; display: inline !important;\">Das bieten wir:<\/span><br style=\"box-sizing: inherit; color: #222222; font-family: 'Open Sans', Arial, Helvetica; font-size: 14px;\" \/><span style=\"color: #ffffff; font-family: 'Open Sans', Arial, Helvetica; font-size: 14px; display: inline !important;\">&#8211; flache Hierarchien<\/span><br style=\"box-sizing: inherit; color: #222222; font-family: 'Open Sans', Arial, Helvetica; font-size: 14px;\" \/><span style=\"color: #ffffff; font-family: 'Open Sans', Arial, Helvetica; font-size: 14px; display: inline !important;\">&#8211; leistungsgerechte Entlohnung<\/span><br style=\"box-sizing: inherit; color: #222222; font-family: 'Open Sans', Arial, Helvetica; font-size: 14px;\" \/><span style=\"color: #ffffff; font-family: 'Open Sans', Arial, Helvetica; font-size: 14px; display: inline !important;\">&#8211; angenehmes Team<\/span><br style=\"box-sizing: inherit; color: #222222; font-family: 'Open Sans', Arial, Helvetica; font-size: 14px;\" \/><span style=\"color: #ffffff; font-family: 'Open Sans', Arial, Helvetica; font-size: 14px; display: inline !important;\">&#8211; Abwechslungsreiche Arbeiten durch Programmierung direkt an der Maschine.<\/span><br style=\"box-sizing: inherit; color: #222222; font-family: 'Open Sans', Arial, Helvetica; font-size: 14px;\" \/><span style=\"color: #ffffff; font-family: 'Open Sans', Arial, Helvetica; font-size: 14px; display: inline !important;\">&#8211; hohes Ma\u00df an Eigenverantwortung<\/span><br style=\"box-sizing: inherit; color: #222222; font-family: 'Open Sans', Arial, Helvetica; font-size: 14px;\" \/><br style=\"box-sizing: inherit; color: #222222; font-family: 'Open Sans', Arial, Helvetica; font-size: 14px;\" \/><span style=\"color: #ffffff; font-family: 'Open Sans', Arial, Helvetica; font-size: 14px; display: inline !important;\">Ihre Bewerbung senden Sie bitte vorzugsweise per Mail an Hr. Peter Schafranka. Bitte f\u00fcgen Sie Ihrem Anschreiben<\/span><br style=\"box-sizing: inherit; color: #222222; font-family: 'Open Sans', Arial, Helvetica; font-size: 14px;\" \/><br style=\"box-sizing: inherit; color: #222222; font-family: 'Open Sans', Arial, Helvetica; font-size: 14px;\" \/><span style=\"color: #ffffff;\"><span style=\"font-family: 'Open Sans', Arial, Helvetica; font-size: 14px; display: inline !important;\">einen Lebenslauf,\u00a0<\/span><span style=\"font-family: 'Open Sans', Arial, Helvetica; font-size: 14px; display: inline !important;\">Ihre Gehaltsvorstellung und\u00a0<\/span><span style=\"font-family: 'Open Sans', Arial, Helvetica; font-size: 14px; display: inline !important;\">Ihren fr\u00fchest m\u00f6glichen Einstellungsbeginn bei.<\/span><\/span><br style=\"box-sizing: inherit; color: #222222; font-family: 'Open Sans', Arial, Helvetica; font-size: 14px;\" \/><br style=\"box-sizing: inherit; color: #222222; font-family: 'Open Sans', Arial, Helvetica; font-size: 14px;\" \/><span style=\"color: #ffffff; font-family: 'Open Sans', Arial, Helvetica; font-size: 14px; display: inline !important;\">Wir freuen uns auf Sie.<\/span><\/p><\/div>\n\t\t\t\t\t\t\t\t\t<div class=\"elementor-tab-title elementor-tab-mobile-title\" aria-selected=\"false\" data-tab=\"3\" role=\"tab\" tabindex=\"-1\" aria-controls=\"elementor-tab-content-1483\" aria-expanded=\"false\">Werkzeugmacher*in<\/div>\n\t\t\t\t\t<div id=\"elementor-tab-content-1483\" class=\"elementor-tab-content elementor-clearfix\" data-tab=\"3\" role=\"tabpanel\" aria-labelledby=\"elementor-tab-title-1483\" tabindex=\"0\" hidden=\"hidden\"><p>Wir suchen zum n\u00e4chstm\u00f6glichen Termin Werkzeugmacher (m\/w\/d) in Vollzeit.<br \/><br \/>Zu Ihren Aufgaben geh\u00f6ren:<br \/>&#8211; Planung und Herstellung von Vorrichtungen<br \/>&#8211; mechanische Fertigung<br \/>&#8211; Montagearbeiten<br \/><br \/>Voraussetzungen:<br \/>&#8211; Ausbildung als Werkzeugmacher oder \u00e4hnlich<br \/>&#8211; mind. 3 Jahre Berufserfahrung<br \/>&#8211; CNC-Kennnisse (Zerspanung erforderlich)<br \/>&#8211; strukturierte l\u00f6sungsorientierte und selbst\u00e4ndige Arbeitsweise<br \/>&#8211; Kommunikationsst\u00e4rke, Teamf\u00e4higkeit<\/p><\/div>\n\t\t\t\t\t\t\t<\/div>\n\t\t<\/div>\n\t\t\t\t<\/div>\n\t\t\t\t<\/div>\n\t\t\t\t\t\t<\/div>\n\t\t\t\t\t<\/div>\n\t\t<\/div>\n\t\t\t\t<div class=\"elementor-column elementor-col-33 elementor-inner-column elementor-element elementor-element-8bd8dd5\" data-id=\"8bd8dd5\" data-element_type=\"column\">\n\t\t\t<div class=\"elementor-column-wrap elementor-element-populated\">\n\t\t\t\t\t\t\t<div class=\"elementor-widget-wrap\">\n\t\t\t\t\t\t<div class=\"elementor-element elementor-element-45e93c9 elementor-widget elementor-widget-text-editor\" data-id=\"45e93c9\" data-element_type=\"widget\" data-widget_type=\"text-editor.default\">\n\t\t\t\t<div class=\"elementor-widget-container\">\n\t\t\t\t\t\t\t\t<div class=\"elementor-text-editor elementor-clearfix\">\n\t\t\t\t<h2><span style=\"color: #ff6600;\">Ihr Kontakt<\/span><\/h2>\n<h3><span style=\"color: #ff6600;\">Susann Nestler<br><\/span><\/h3>\n<p><span style=\"color: #ff6600;\">Telefon: 03522 36410<\/span><\/p>\n<p><span style=\"color: #ff6600;\">Email: s.nestler@metalltechnik-grossenhain.de<\/span><\/p>\t\t\t\t\t<\/div>\n\t\t\t\t\t\t<\/div>\n\t\t\t\t<\/div>\n\t\t\t\t\t\t<\/div>\n\t\t\t\t\t<\/div>\n\t\t<\/div>\n\t\t\t\t\t\t\t\t<\/div>\n\t\t\t\t\t<\/div>\n\t\t<\/section>\n\t\t\t\t\t\t<\/div>\n\t\t\t\t\t<\/div>\n\t\t<\/div>\n\t\t\t\t\t\t\t\t<\/div>\n\t\t\t\t\t<\/div>\n\t\t<\/main>\n\t\t\t\t\t\t\t\t\t<\/div>\n\t\t\t<\/div>\n\t\t\t\t\t<\/div>\n\t\t","protected":false},"excerpt":{"rendered":"<p>Maschinenbauingenieur*in Zerspanungsmechaniker*in Werkzeugmacher*in Maschinenbauingenieur*in Wir suchen zum n\u00e4chstm\u00f6glichen Termin2 Maschinenbauingenieure (m\/w\/d) in Vollzeit.Zu Ihren Aufgaben geh\u00f6ren:&#8211; Produktionslenkung\/Kooperation\/Terminierung\/Einkaufoder&#8211; Arbeitsvorbereitung f\u00fcr die Fertigung in der ZerspanungVoraussetzungen:&#8211; abgeschlossenes Studium im Bereich Maschinenbau&#8211; erste nachweisebare Berufserfahrung im Aufgabenbereich&#8211; idealerweise Kenntnisse in der Anwendung von &#8222;Navision&#8220;&#8211; strukturierte l\u00f6sungsorientierte und selbst\u00e4ndige Arbeitsweise&#8211; Kommunikationsst\u00e4rke, Teamf\u00e4higkeitWir bieten Ihnen eine unbefristete Vollzeit-Perspektive in einem [&hellip;]<\/p>\n","protected":false},"author":1,"featured_media":0,"parent":866,"menu_order":0,"comment_status":"closed","ping_status":"closed","template":"","meta":{"advanced_seo_description":"","spay_email":""},"jetpack_sharing_enabled":true,"jetpack_likes_enabled":true,"_links":{"self":[{"href":"https:\/\/metalltechnik-grossenhain.de\/index.php?rest_route=\/wp\/v2\/pages\/1858"}],"collection":[{"href":"https:\/\/metalltechnik-grossenhain.de\/index.php?rest_route=\/wp\/v2\/pages"}],"about":[{"href":"https:\/\/metalltechnik-grossenhain.de\/index.php?rest_route=\/wp\/v2\/types\/page"}],"author":[{"embeddable":true,"href":"https:\/\/metalltechnik-grossenhain.de\/index.php?rest_route=\/wp\/v2\/users\/1"}],"replies":[{"embeddable":true,"href":"https:\/\/metalltechnik-grossenhain.de\/index.php?rest_route=%2Fwp%2Fv2%2Fcomments&post=1858"}],"version-history":[{"count":40,"href":"https:\/\/metalltechnik-grossenhain.de\/index.php?rest_route=\/wp\/v2\/pages\/1858\/revisions"}],"predecessor-version":[{"id":1954,"href":"https:\/\/metalltechnik-grossenhain.de\/index.php?rest_route=\/wp\/v2\/pages\/1858\/revisions\/1954"}],"up":[{"embeddable":true,"href":"https:\/\/metalltechnik-grossenhain.de\/index.php?rest_route=\/wp\/v2\/pages\/866"}],"wp:attachment":[{"href":"https:\/\/metalltechnik-grossenhain.de\/index.php?rest_route=%2Fwp%2Fv2%2Fmedia&parent=1858"}],"curies":[{"name":"wp","href":"https:\/\/api.w.org\/{rel}","templated":true}]}}