{"id":54,"date":"2019-01-31T14:11:53","date_gmt":"2019-01-31T13:11:53","guid":{"rendered":"http:\/\/metalltechnik-grossenhain.eu\/?page_id=54"},"modified":"2021-04-12T09:27:39","modified_gmt":"2021-04-12T07:27:39","slug":"impressum","status":"publish","type":"page","link":"https:\/\/metalltechnik-grossenhain.de\/?page_id=54","title":{"rendered":"Impressum"},"content":{"rendered":"\n<h2>METALLTECHNIK Gro\u00dfenhainer Maschinenbau GmbH\u00a0<\/h2>\n\n\n\n<h3>Gesch\u00e4ftsf\u00fchrende Gesellschafter: <\/h3>\n\n\n\n<p>Dipl.-Ing. G\u00f6tz Lamm und Dipl.-Ing. (BA)\u00a0Andr\u00e9 Freudemann  <\/p>\n\n\n\n<h3>Kontakdaten<\/h3>\n\n\n\n<p>Telefon: +49 3522 3 64 10  Telefax: +49 3522 3 64 20&nbsp; <\/p>\n\n\n\n<p>An der Textimabr\u00fccke 3, 01558 Gro\u00dfenhain<\/p>\n\n\n\n<p>E-Mail: info@metalltechnik-grossenhain.de  <\/p>\n\n\n\n<p>Internet: www.metalltechnik-grossenhain.de   <\/p>\n\n\n\n<p>Amtsgericht Dresden HRB18702 <\/p>\n\n\n\n<p>Ust.-Id.-Nr.: DE209792624 Steuer-Nr.: 209\/114\/05513<\/p>\n\n\n\n<p>&#8212;&#8212;&#8212;&#8212;&#8212;&#8212;&#8212;&#8212;&#8212;&#8212;&#8212;&#8212;&#8212;&#8212;&#8212;&#8212;&#8212;&#8212;&#8212;&#8212;&#8212;&#8212;&#8212;&#8212;&#8212;&#8212;&#8212;&#8212;&#8212;&#8212;&#8212;&#8212;&#8212;&#8212;&#8212;&#8212;&#8212;&#8212;&#8211;<\/p>\n\n\n\n<h4>Haftungsauschluss<\/h4>\n\n\n\n<p class=\"has-luminous-vivid-amber-background-color has-background\">Die METALLTECHNIK GmbH stellt die Inhalte dieser Internetseiten mit gro\u00dfer Sorgfalt zusammen und sorgt f\u00fcr deren regelm\u00e4\u00dfige Aktualisierung. Die Angaben dienen dennoch nur der unverbindlichen allgemeinen Information und ersetzen nicht eine eingehende individuelle Beratung.  <\/p>\n","protected":false},"excerpt":{"rendered":"<p>METALLTECHNIK Gro\u00dfenhainer Maschinenbau GmbH\u00a0 Gesch\u00e4ftsf\u00fchrende Gesellschafter: Dipl.-Ing. G\u00f6tz Lamm und Dipl.-Ing. (BA)\u00a0Andr\u00e9 Freudemann Kontakdaten Telefon: +49 3522 3 64 10 Telefax: +49 3522 3 64 20&nbsp; An der Textimabr\u00fccke 3, 01558 Gro\u00dfenhain E-Mail: info@metalltechnik-grossenhain.de Internet: www.metalltechnik-grossenhain.de Amtsgericht Dresden HRB18702 Ust.-Id.-Nr.: DE209792624 Steuer-Nr.: 209\/114\/05513 &#8212;&#8212;&#8212;&#8212;&#8212;&#8212;&#8212;&#8212;&#8212;&#8212;&#8212;&#8212;&#8212;&#8212;&#8212;&#8212;&#8212;&#8212;&#8212;&#8212;&#8212;&#8212;&#8212;&#8212;&#8212;&#8212;&#8212;&#8212;&#8212;&#8212;&#8212;&#8212;&#8212;&#8212;&#8212;&#8212;&#8212;&#8212;&#8211; Haftungsauschluss Die METALLTECHNIK GmbH stellt die Inhalte dieser Internetseiten mit gro\u00dfer [&hellip;]<\/p>\n","protected":false},"author":1,"featured_media":0,"parent":0,"menu_order":0,"comment_status":"closed","ping_status":"closed","template":"full-width.php","meta":{"advanced_seo_description":"","spay_email":""},"jetpack_sharing_enabled":true,"jetpack_likes_enabled":true,"_links":{"self":[{"href":"https:\/\/metalltechnik-grossenhain.de\/index.php?rest_route=\/wp\/v2\/pages\/54"}],"collection":[{"href":"https:\/\/metalltechnik-grossenhain.de\/index.php?rest_route=\/wp\/v2\/pages"}],"about":[{"href":"https:\/\/metalltechnik-grossenhain.de\/index.php?rest_route=\/wp\/v2\/types\/page"}],"author":[{"embeddable":true,"href":"https:\/\/metalltechnik-grossenhain.de\/index.php?rest_route=\/wp\/v2\/users\/1"}],"replies":[{"embeddable":true,"href":"https:\/\/metalltechnik-grossenhain.de\/index.php?rest_route=%2Fwp%2Fv2%2Fcomments&post=54"}],"version-history":[{"count":3,"href":"https:\/\/metalltechnik-grossenhain.de\/index.php?rest_route=\/wp\/v2\/pages\/54\/revisions"}],"predecessor-version":[{"id":1511,"href":"https:\/\/metalltechnik-grossenhain.de\/index.php?rest_route=\/wp\/v2\/pages\/54\/revisions\/1511"}],"wp:attachment":[{"href":"https:\/\/metalltechnik-grossenhain.de\/index.php?rest_route=%2Fwp%2Fv2%2Fmedia&parent=54"}],"curies":[{"name":"wp","href":"https:\/\/api.w.org\/{rel}","templated":true}]}}