{"id":77,"date":"2019-01-31T14:44:04","date_gmt":"2019-01-31T13:44:04","guid":{"rendered":"http:\/\/metalltechnik-grossenhain.eu\/?page_id=77"},"modified":"2020-07-06T13:38:40","modified_gmt":"2020-07-06T11:38:40","slug":"dreh-und-fraesteile","status":"publish","type":"page","link":"https:\/\/metalltechnik-grossenhain.de\/?page_id=77","title":{"rendered":"Dreh- und Fr\u00e4steile"},"content":{"rendered":"\t\t<div data-elementor-type=\"wp-page\" data-elementor-id=\"77\" class=\"elementor elementor-77\">\n\t\t\t\t\t\t<div class=\"elementor-inner\">\n\t\t\t\t<div class=\"elementor-section-wrap\">\n\t\t\t\t\t\t\t\t\t<section class=\"elementor-section elementor-top-section elementor-element elementor-element-22cc01d7 elementor-section-boxed elementor-section-height-default elementor-section-height-default\" data-id=\"22cc01d7\" data-element_type=\"section\">\n\t\t\t\t\t\t<div class=\"elementor-container elementor-column-gap-default\">\n\t\t\t\t\t\t\t<div class=\"elementor-row\">\n\t\t\t\t\t<div class=\"elementor-column elementor-col-100 elementor-top-column elementor-element elementor-element-7a079a18\" data-id=\"7a079a18\" data-element_type=\"column\">\n\t\t\t<div class=\"elementor-column-wrap elementor-element-populated\">\n\t\t\t\t\t\t\t<div class=\"elementor-widget-wrap\">\n\t\t\t\t\t\t<div class=\"elementor-element elementor-element-6780bad0 elementor-widget elementor-widget-text-editor\" data-id=\"6780bad0\" data-element_type=\"widget\" data-widget_type=\"text-editor.default\">\n\t\t\t\t<div class=\"elementor-widget-container\">\n\t\t\t\t\t\t\t\t<div class=\"elementor-text-editor elementor-clearfix\">\n\t\t\t\t<!-- wp:gallery {\"ids\":[487,486,498,497,496,494,495,493,492,491,490,489,488],\"columns\":8} -->\n<figure class=\"wp-block-gallery columns-8 is-cropped\"><ul class=\"blocks-gallery-grid\"><li class=\"blocks-gallery-item\"><figure><img loading=\"lazy\" width=\"450\" height=\"338\" src=\"https:\/\/i0.wp.com\/metalltechnik-grossenhain.de\/wp-content\/uploads\/2019\/02\/Bearbeitet5.gif?w=980\" alt=\"\" data-id=\"487\" data-link=\"http:\/\/metalltechnik-grossenhain.de\/?attachment_id=487\" class=\"wp-image-487\" data-recalc-dims=\"1\"\/><\/figure><\/li><li class=\"blocks-gallery-item\"><figure><img src=\"https:\/\/i0.wp.com\/metalltechnik-grossenhain.de\/wp-content\/uploads\/2019\/02\/Bearbeitet1.3.gif?w=980\" alt=\"\" data-id=\"486\" data-link=\"http:\/\/metalltechnik-grossenhain.de\/?attachment_id=486\" class=\"wp-image-486\" data-recalc-dims=\"1\"\/><\/figure><\/li><li class=\"blocks-gallery-item\"><figure><img loading=\"lazy\" width=\"450\" height=\"338\" src=\"https:\/\/i0.wp.com\/metalltechnik-grossenhain.de\/wp-content\/uploads\/2019\/02\/warum6.gif?w=980\" alt=\"\" data-id=\"498\" data-link=\"http:\/\/metalltechnik-grossenhain.de\/?attachment_id=498\" class=\"wp-image-498\" data-recalc-dims=\"1\"\/><\/figure><\/li><li class=\"blocks-gallery-item\"><figure><img loading=\"lazy\" width=\"450\" height=\"338\" src=\"https:\/\/i0.wp.com\/metalltechnik-grossenhain.de\/wp-content\/uploads\/2019\/02\/Stueckflugzeug.gif?w=980\" alt=\"\" data-id=\"497\" data-link=\"http:\/\/metalltechnik-grossenhain.de\/?attachment_id=497\" class=\"wp-image-497\" data-recalc-dims=\"1\"\/><\/figure><\/li><li class=\"blocks-gallery-item\"><figure><img loading=\"lazy\" width=\"450\" height=\"338\" src=\"https:\/\/i0.wp.com\/metalltechnik-grossenhain.de\/wp-content\/uploads\/2019\/02\/stk.-Linde.gif?w=980\" alt=\"\" data-id=\"496\" data-link=\"http:\/\/metalltechnik-grossenhain.de\/?attachment_id=496\" class=\"wp-image-496\" data-recalc-dims=\"1\"\/><\/figure><\/li><li class=\"blocks-gallery-item\"><figure><img loading=\"lazy\" width=\"450\" height=\"338\" src=\"https:\/\/i0.wp.com\/metalltechnik-grossenhain.de\/wp-content\/uploads\/2019\/02\/rrrrrrrrrrrrr.gif?w=980\" alt=\"\" data-id=\"494\" data-link=\"http:\/\/metalltechnik-grossenhain.de\/?attachment_id=494\" class=\"wp-image-494\" data-recalc-dims=\"1\"\/><\/figure><\/li><li class=\"blocks-gallery-item\"><figure><img loading=\"lazy\" width=\"450\" height=\"338\" src=\"https:\/\/i0.wp.com\/metalltechnik-grossenhain.de\/wp-content\/uploads\/2019\/02\/selber99.gif?w=980\" alt=\"\" data-id=\"495\" data-link=\"http:\/\/metalltechnik-grossenhain.de\/?attachment_id=495\" class=\"wp-image-495\" data-recalc-dims=\"1\"\/><\/figure><\/li><li class=\"blocks-gallery-item\"><figure><img loading=\"lazy\" width=\"450\" height=\"338\" src=\"https:\/\/i0.wp.com\/metalltechnik-grossenhain.de\/wp-content\/uploads\/2019\/02\/rechts.gif?w=980\" alt=\"\" data-id=\"493\" data-link=\"http:\/\/metalltechnik-grossenhain.de\/?attachment_id=493\" class=\"wp-image-493\" data-recalc-dims=\"1\"\/><\/figure><\/li><li class=\"blocks-gallery-item\"><figure><img loading=\"lazy\" width=\"450\" height=\"338\" src=\"https:\/\/i0.wp.com\/metalltechnik-grossenhain.de\/wp-content\/uploads\/2019\/02\/links.gif?w=980\" alt=\"\" data-id=\"492\" data-link=\"http:\/\/metalltechnik-grossenhain.de\/?attachment_id=492\" class=\"wp-image-492\" data-recalc-dims=\"1\"\/><\/figure><\/li><li class=\"blocks-gallery-item\"><figure><img loading=\"lazy\" width=\"450\" height=\"338\" src=\"https:\/\/i0.wp.com\/metalltechnik-grossenhain.de\/wp-content\/uploads\/2019\/02\/huhuhuh.gif?w=980\" alt=\"\" data-id=\"491\" data-link=\"http:\/\/metalltechnik-grossenhain.de\/?attachment_id=491\" class=\"wp-image-491\" data-recalc-dims=\"1\"\/><\/figure><\/li><li class=\"blocks-gallery-item\"><figure><img loading=\"lazy\" width=\"450\" height=\"338\" src=\"https:\/\/i0.wp.com\/metalltechnik-grossenhain.de\/wp-content\/uploads\/2019\/02\/hhhhh.gif?w=980\" alt=\"\" data-id=\"490\" data-link=\"http:\/\/metalltechnik-grossenhain.de\/?attachment_id=490\" class=\"wp-image-490\" data-recalc-dims=\"1\"\/><\/figure><\/li><li class=\"blocks-gallery-item\"><figure><img loading=\"lazy\" width=\"450\" height=\"338\" src=\"https:\/\/i0.wp.com\/metalltechnik-grossenhain.de\/wp-content\/uploads\/2019\/02\/hallo.gif?w=980\" alt=\"\" data-id=\"489\" data-link=\"http:\/\/metalltechnik-grossenhain.de\/?attachment_id=489\" class=\"wp-image-489\" data-recalc-dims=\"1\"\/><\/figure><\/li><li class=\"blocks-gallery-item\"><figure><img loading=\"lazy\" width=\"450\" height=\"338\" src=\"https:\/\/i0.wp.com\/metalltechnik-grossenhain.de\/wp-content\/uploads\/2019\/02\/du2.gif?w=980\" alt=\"\" data-id=\"488\" data-link=\"http:\/\/metalltechnik-grossenhain.de\/?attachment_id=488\" class=\"wp-image-488\" data-recalc-dims=\"1\"\/><\/figure><\/li><\/ul><\/figure>\n<!-- \/wp:gallery -->\n\n<!-- wp:paragraph {\"customTextColor\":\"#1856d3\",\"backgroundColor\":\"very-light-gray\",\"fontSize\":\"medium\"} -->\n<p style=\"color:#1856d3\" class=\"has-text-color has-background has-medium-font-size has-very-light-gray-background-color\">Wir fertigen auf unseren Anlagen kleine bis mittelgro\u00dfe Bauteile aus Stahl, Stahlguss, Edelstahl oder auch  Aluminiumguss. F\u00fcr die Zerspanung steht ein moderner Maschinenpark und gut ausgebildetes Fachpersonal zur Verf\u00fcgung.<\/p>\n<!-- \/wp:paragraph -->\t\t\t\t\t<\/div>\n\t\t\t\t\t\t<\/div>\n\t\t\t\t<\/div>\n\t\t\t\t\t\t<\/div>\n\t\t\t\t\t<\/div>\n\t\t<\/div>\n\t\t\t\t\t\t\t\t<\/div>\n\t\t\t\t\t<\/div>\n\t\t<\/section>\n\t\t\t\t<section class=\"elementor-section elementor-top-section elementor-element elementor-element-1efc154 elementor-section-boxed elementor-section-height-default elementor-section-height-default\" data-id=\"1efc154\" data-element_type=\"section\">\n\t\t\t\t\t\t<div class=\"elementor-container elementor-column-gap-default\">\n\t\t\t\t\t\t\t<div class=\"elementor-row\">\n\t\t\t\t\t<div class=\"elementor-column elementor-col-100 elementor-top-column elementor-element elementor-element-aa8b47b\" data-id=\"aa8b47b\" data-element_type=\"column\">\n\t\t\t<div class=\"elementor-column-wrap elementor-element-populated\">\n\t\t\t\t\t\t\t<div class=\"elementor-widget-wrap\">\n\t\t\t\t\t\t<div class=\"elementor-element elementor-element-905c484 elementor-tabs-view-horizontal elementor-widget elementor-widget-tabs\" data-id=\"905c484\" data-element_type=\"widget\" data-widget_type=\"tabs.default\">\n\t\t\t\t<div class=\"elementor-widget-container\">\n\t\t\t\t\t<div class=\"elementor-tabs\">\n\t\t\t<div class=\"elementor-tabs-wrapper\" role=\"tablist\" >\n\t\t\t\t\t\t\t\t\t<div id=\"elementor-tab-title-1511\" class=\"elementor-tab-title elementor-tab-desktop-title\" aria-selected=\"true\" data-tab=\"1\" role=\"tab\" tabindex=\"0\" aria-controls=\"elementor-tab-content-1511\" aria-expanded=\"false\"><a href=\"\">Drehmaschinen<\/a><\/div>\n\t\t\t\t\t\t\t\t\t<div id=\"elementor-tab-title-1512\" class=\"elementor-tab-title elementor-tab-desktop-title\" aria-selected=\"false\" data-tab=\"2\" role=\"tab\" tabindex=\"-1\" aria-controls=\"elementor-tab-content-1512\" aria-expanded=\"false\"><a href=\"\">Bearbeitungszentren<\/a><\/div>\n\t\t\t\t\t\t\t\t\t<div id=\"elementor-tab-title-1513\" class=\"elementor-tab-title elementor-tab-desktop-title\" aria-selected=\"false\" data-tab=\"3\" role=\"tab\" tabindex=\"-1\" aria-controls=\"elementor-tab-content-1513\" aria-expanded=\"false\"><a href=\"\">5- Achs- Fr\u00e4szentren<\/a><\/div>\n\t\t\t\t\t\t\t<\/div>\n\t\t\t<div class=\"elementor-tabs-content-wrapper\" role=\"tablist\" aria-orientation=\"vertical\">\n\t\t\t\t\t\t\t\t\t<div class=\"elementor-tab-title elementor-tab-mobile-title\" aria-selected=\"true\" data-tab=\"1\" role=\"tab\" tabindex=\"0\" aria-controls=\"elementor-tab-content-1511\" aria-expanded=\"false\">Drehmaschinen<\/div>\n\t\t\t\t\t<div id=\"elementor-tab-content-1511\" class=\"elementor-tab-content elementor-clearfix\" data-tab=\"1\" role=\"tabpanel\" aria-labelledby=\"elementor-tab-title-1511\" tabindex=\"0\" hidden=\"false\"><p>Zur Fertigung von Drehteilen stehen und Anlagen der Firma OKUMA, DMG, EMAG und Index zur Verf\u00fcgung.<\/p><\/div>\n\t\t\t\t\t\t\t\t\t<div class=\"elementor-tab-title elementor-tab-mobile-title\" aria-selected=\"false\" data-tab=\"2\" role=\"tab\" tabindex=\"-1\" aria-controls=\"elementor-tab-content-1512\" aria-expanded=\"false\">Bearbeitungszentren<\/div>\n\t\t\t\t\t<div id=\"elementor-tab-content-1512\" class=\"elementor-tab-content elementor-clearfix\" data-tab=\"2\" role=\"tabpanel\" aria-labelledby=\"elementor-tab-title-1512\" tabindex=\"0\" hidden=\"hidden\"><p>Als Bearbeitungszentren stehen Ihnen Anlagen der Firmen Okuma, eine HEC800 (Starrag Heckert) sowie eine DMF 360 zur Verf\u00fcgung. Weiterhin stehen dem Werkzeugbau kleinere Anlagen der Firmen Fehlmann und Hermle zur Verf\u00fcgung.<\/p><\/div>\n\t\t\t\t\t\t\t\t\t<div class=\"elementor-tab-title elementor-tab-mobile-title\" aria-selected=\"false\" data-tab=\"3\" role=\"tab\" tabindex=\"-1\" aria-controls=\"elementor-tab-content-1513\" aria-expanded=\"false\">5- Achs- Fr\u00e4szentren<\/div>\n\t\t\t\t\t<div id=\"elementor-tab-content-1513\" class=\"elementor-tab-content elementor-clearfix\" data-tab=\"3\" role=\"tabpanel\" aria-labelledby=\"elementor-tab-title-1513\" tabindex=\"0\" hidden=\"hidden\"><p>F\u00fcr komplizierte Geometrien stehen uns zwei DMU- 5- Achs- Fr\u00e4szentren zur Verf\u00fcgung.<\/p><\/div>\n\t\t\t\t\t\t\t<\/div>\n\t\t<\/div>\n\t\t\t\t<\/div>\n\t\t\t\t<\/div>\n\t\t\t\t<div class=\"elementor-element elementor-element-990a707 elementor-arrows-position-inside elementor-pagination-position-outside elementor-widget elementor-widget-image-carousel\" data-id=\"990a707\" data-element_type=\"widget\" data-settings=\"{&quot;slides_to_show&quot;:&quot;2&quot;,&quot;slides_to_scroll&quot;:&quot;1&quot;,&quot;navigation&quot;:&quot;both&quot;,&quot;autoplay&quot;:&quot;yes&quot;,&quot;pause_on_hover&quot;:&quot;yes&quot;,&quot;pause_on_interaction&quot;:&quot;yes&quot;,&quot;autoplay_speed&quot;:5000,&quot;infinite&quot;:&quot;yes&quot;,&quot;speed&quot;:500}\" data-widget_type=\"image-carousel.default\">\n\t\t\t\t<div class=\"elementor-widget-container\">\n\t\t\t\t\t<div class=\"elementor-image-carousel-wrapper swiper-container\" dir=\"ltr\">\n\t\t\t<div class=\"elementor-image-carousel swiper-wrapper\">\n\t\t\t\t\t\t\t\t<div class=\"swiper-slide\"><figure class=\"swiper-slide-inner\"><img class=\"swiper-slide-image\" src=\"https:\/\/i0.wp.com\/metalltechnik-grossenhain.de\/wp-content\/uploads\/LB3000-scaled.jpg?fit=300%2C300&amp;ssl=1\" alt=\"Okuma LB3000\" \/><figcaption class=\"elementor-image-carousel-caption\">Okuma LB3000<\/figcaption><\/figure><\/div><div class=\"swiper-slide\"><figure class=\"swiper-slide-inner\"><img class=\"swiper-slide-image\" src=\"https:\/\/i0.wp.com\/metalltechnik-grossenhain.de\/wp-content\/uploads\/Index-scaled.jpg?fit=300%2C300&amp;ssl=1\" alt=\"Index\" \/><figcaption class=\"elementor-image-carousel-caption\">Index<\/figcaption><\/figure><\/div><div class=\"swiper-slide\"><figure class=\"swiper-slide-inner\"><img class=\"swiper-slide-image\" src=\"https:\/\/i0.wp.com\/metalltechnik-grossenhain.de\/wp-content\/uploads\/DMU50-scaled.jpg?fit=300%2C300&amp;ssl=1\" alt=\"DMU50\" \/><figcaption class=\"elementor-image-carousel-caption\">DMU50<\/figcaption><\/figure><\/div><div class=\"swiper-slide\"><figure class=\"swiper-slide-inner\"><img class=\"swiper-slide-image\" src=\"https:\/\/i0.wp.com\/metalltechnik-grossenhain.de\/wp-content\/uploads\/2019\/02\/Oktober05-006.jpg.jpg?fit=300%2C200&amp;ssl=1\" alt=\"EMAG VL3\" \/><figcaption class=\"elementor-image-carousel-caption\">EMAG VL3<\/figcaption><\/figure><\/div><div class=\"swiper-slide\"><figure class=\"swiper-slide-inner\"><img class=\"swiper-slide-image\" src=\"https:\/\/i0.wp.com\/metalltechnik-grossenhain.de\/wp-content\/uploads\/Fehlmann-scaled.jpg?fit=300%2C300&amp;ssl=1\" alt=\"Werkzeugbau\" \/><figcaption class=\"elementor-image-carousel-caption\">Fehlmann Picomax<\/figcaption><\/figure><\/div>\t\t\t<\/div>\n\t\t\t\t\t\t\t\t\t\t\t\t<div class=\"swiper-pagination\"><\/div>\n\t\t\t\t\t\t\t\t\t\t\t\t\t<div class=\"elementor-swiper-button elementor-swiper-button-prev\">\n\t\t\t\t\t\t<i aria-hidden=\"true\" class=\"eicon-chevron-left\"><\/i>\t\t\t\t\t\t<span class=\"elementor-screen-only\">Zur\u00fcck<\/span>\n\t\t\t\t\t<\/div>\n\t\t\t\t\t<div class=\"elementor-swiper-button elementor-swiper-button-next\">\n\t\t\t\t\t\t<i aria-hidden=\"true\" class=\"eicon-chevron-right\"><\/i>\t\t\t\t\t\t<span class=\"elementor-screen-only\">Weiter<\/span>\n\t\t\t\t\t<\/div>\n\t\t\t\t\t\t\t\t\t<\/div>\n\t\t\t\t<\/div>\n\t\t\t\t<\/div>\n\t\t\t\t\t\t<\/div>\n\t\t\t\t\t<\/div>\n\t\t<\/div>\n\t\t\t\t\t\t\t\t<\/div>\n\t\t\t\t\t<\/div>\n\t\t<\/section>\n\t\t\t\t<section class=\"elementor-section elementor-top-section elementor-element elementor-element-a920f87 elementor-section-boxed elementor-section-height-default elementor-section-height-default\" data-id=\"a920f87\" data-element_type=\"section\">\n\t\t\t\t\t\t<div class=\"elementor-container elementor-column-gap-default\">\n\t\t\t\t\t\t\t<div class=\"elementor-row\">\n\t\t\t\t\t<div class=\"elementor-column elementor-col-100 elementor-top-column elementor-element elementor-element-8d82ac6\" data-id=\"8d82ac6\" data-element_type=\"column\">\n\t\t\t<div class=\"elementor-column-wrap elementor-element-populated\">\n\t\t\t\t\t\t\t<div class=\"elementor-widget-wrap\">\n\t\t\t\t\t\t<div class=\"elementor-element elementor-element-4e9a64f elementor-button-info elementor-align-center elementor-widget elementor-widget-button\" data-id=\"4e9a64f\" data-element_type=\"widget\" data-widget_type=\"button.default\">\n\t\t\t\t<div class=\"elementor-widget-container\">\n\t\t\t\t\t<div class=\"elementor-button-wrapper\">\n\t\t\t<a href=\"https:\/\/metalltechnik-grossenhain.de\/?page_id=315\" target=\"_blank\" class=\"elementor-button-link elementor-button elementor-size-lg\" role=\"button\" id=\"Zerspan1\">\n\t\t\t\t\t\t<span class=\"elementor-button-content-wrapper\">\n\t\t\t\t\t\t\t<span class=\"elementor-button-icon elementor-align-icon-left\">\n\t\t\t\t<i aria-hidden=\"true\" class=\"fas fa-handshake\"><\/i>\t\t\t<\/span>\n\t\t\t\t\t\t<span class=\"elementor-button-text\">Ihre Ansprechpartner<\/span>\n\t\t<\/span>\n\t\t\t\t\t<\/a>\n\t\t<\/div>\n\t\t\t\t<\/div>\n\t\t\t\t<\/div>\n\t\t\t\t\t\t<\/div>\n\t\t\t\t\t<\/div>\n\t\t<\/div>\n\t\t\t\t\t\t\t\t<\/div>\n\t\t\t\t\t<\/div>\n\t\t<\/section>\n\t\t\t\t\t\t\t\t\t<\/div>\n\t\t\t<\/div>\n\t\t\t\t\t<\/div>\n\t\t","protected":false},"excerpt":{"rendered":"<p>Wir fertigen auf unseren Anlagen kleine bis mittelgro\u00dfe Bauteile aus Stahl, Stahlguss, Edelstahl oder auch Aluminiumguss. F\u00fcr die Zerspanung steht ein moderner Maschinenpark und gut ausgebildetes Fachpersonal zur Verf\u00fcgung. Drehmaschinen Bearbeitungszentren 5- Achs- Fr\u00e4szentren Drehmaschinen Zur Fertigung von Drehteilen stehen und Anlagen der Firma OKUMA, DMG, EMAG und Index zur Verf\u00fcgung. Bearbeitungszentren Als Bearbeitungszentren stehen [&hellip;]<\/p>\n","protected":false},"author":1,"featured_media":0,"parent":65,"menu_order":1,"comment_status":"closed","ping_status":"closed","template":"full-width.php","meta":{"advanced_seo_description":"","spay_email":""},"jetpack_sharing_enabled":true,"jetpack_likes_enabled":true,"_links":{"self":[{"href":"https:\/\/metalltechnik-grossenhain.de\/index.php?rest_route=\/wp\/v2\/pages\/77"}],"collection":[{"href":"https:\/\/metalltechnik-grossenhain.de\/index.php?rest_route=\/wp\/v2\/pages"}],"about":[{"href":"https:\/\/metalltechnik-grossenhain.de\/index.php?rest_route=\/wp\/v2\/types\/page"}],"author":[{"embeddable":true,"href":"https:\/\/metalltechnik-grossenhain.de\/index.php?rest_route=\/wp\/v2\/users\/1"}],"replies":[{"embeddable":true,"href":"https:\/\/metalltechnik-grossenhain.de\/index.php?rest_route=%2Fwp%2Fv2%2Fcomments&post=77"}],"version-history":[{"count":16,"href":"https:\/\/metalltechnik-grossenhain.de\/index.php?rest_route=\/wp\/v2\/pages\/77\/revisions"}],"predecessor-version":[{"id":1371,"href":"https:\/\/metalltechnik-grossenhain.de\/index.php?rest_route=\/wp\/v2\/pages\/77\/revisions\/1371"}],"up":[{"embeddable":true,"href":"https:\/\/metalltechnik-grossenhain.de\/index.php?rest_route=\/wp\/v2\/pages\/65"}],"wp:attachment":[{"href":"https:\/\/metalltechnik-grossenhain.de\/index.php?rest_route=%2Fwp%2Fv2%2Fmedia&parent=77"}],"curies":[{"name":"wp","href":"https:\/\/api.w.org\/{rel}","templated":true}]}}