{"id":833,"date":"2019-03-14T15:13:44","date_gmt":"2019-03-14T14:13:44","guid":{"rendered":"http:\/\/metalltechnik-grossenhain.de\/?page_id=833"},"modified":"2019-03-14T16:24:19","modified_gmt":"2019-03-14T15:24:19","slug":"lohnbeschichtung","status":"publish","type":"page","link":"https:\/\/metalltechnik-grossenhain.de\/?page_id=833","title":{"rendered":"Lohnbeschichtung"},"content":{"rendered":"\t\t<div data-elementor-type=\"wp-post\" data-elementor-id=\"833\" class=\"elementor elementor-833\">\n\t\t\t\t\t\t<div class=\"elementor-inner\">\n\t\t\t\t<div class=\"elementor-section-wrap\">\n\t\t\t\t\t\t\t\t\t<section class=\"elementor-section elementor-top-section elementor-element elementor-element-3a79d2 elementor-section-stretched elementor-section-boxed elementor-section-height-default elementor-section-height-default\" data-id=\"3a79d2\" data-element_type=\"section\" data-settings=\"{&quot;stretch_section&quot;:&quot;section-stretched&quot;,&quot;background_background&quot;:&quot;gradient&quot;}\">\n\t\t\t\t\t\t<div class=\"elementor-container elementor-column-gap-default\">\n\t\t\t\t\t\t\t<div class=\"elementor-row\">\n\t\t\t\t\t<div class=\"elementor-column elementor-col-100 elementor-top-column elementor-element elementor-element-1219562e\" data-id=\"1219562e\" data-element_type=\"column\">\n\t\t\t<div class=\"elementor-column-wrap elementor-element-populated\">\n\t\t\t\t\t\t\t<div class=\"elementor-widget-wrap\">\n\t\t\t\t\t\t<section class=\"elementor-section elementor-inner-section elementor-element elementor-element-54af060a elementor-section-content-middle elementor-section-boxed elementor-section-height-default elementor-section-height-default\" data-id=\"54af060a\" data-element_type=\"section\">\n\t\t\t\t\t\t<div class=\"elementor-container elementor-column-gap-default\">\n\t\t\t\t\t\t\t<div class=\"elementor-row\">\n\t\t\t\t\t<div class=\"elementor-column elementor-col-100 elementor-inner-column elementor-element elementor-element-558eaf49\" data-id=\"558eaf49\" data-element_type=\"column\">\n\t\t\t<div class=\"elementor-column-wrap elementor-element-populated\">\n\t\t\t\t\t\t\t<div class=\"elementor-widget-wrap\">\n\t\t\t\t\t\t<div class=\"elementor-element elementor-element-5b431b5d elementor-widget elementor-widget-image-gallery\" data-id=\"5b431b5d\" data-element_type=\"widget\" data-widget_type=\"image-gallery.default\">\n\t\t\t\t<div class=\"elementor-widget-container\">\n\t\t\t\t\t<div class=\"elementor-image-gallery\">\n\t\t\t<div class=\"tiled-gallery type-rectangular tiled-gallery-unresized\" data-original-width=\"980\" data-carousel-extra='null' itemscope itemtype=\"http:\/\/schema.org\/ImageGallery\" > <div class=\"gallery-row\" style=\"width: 980px; height: 301px;\" data-original-width=\"980\" data-original-height=\"301\" > <div class=\"gallery-group images-1\" style=\"width: 227px; height: 301px;\" data-original-width=\"227\" data-original-height=\"301\" > <div class=\"tiled-gallery-item tiled-gallery-item-small\" itemprop=\"associatedMedia\" itemscope itemtype=\"http:\/\/schema.org\/ImageObject\"> <meta itemprop=\"width\" content=\"223\"> <meta itemprop=\"height\" content=\"297\"> <img loading=\"lazy\" data-attachment-id=\"840\" data-orig-file=\"https:\/\/metalltechnik-grossenhain.de\/wp-content\/uploads\/IMG_0694-e1552572975633.jpg\" data-orig-size=\"375,500\" data-comments-opened=\"\" data-image-meta=\"{&quot;aperture&quot;:&quot;2.8&quot;,&quot;credit&quot;:&quot;&quot;,&quot;camera&quot;:&quot;iPhone 3G&quot;,&quot;caption&quot;:&quot;&quot;,&quot;created_timestamp&quot;:&quot;1295959722&quot;,&quot;copyright&quot;:&quot;&quot;,&quot;focal_length&quot;:&quot;0&quot;,&quot;iso&quot;:&quot;0&quot;,&quot;shutter_speed&quot;:&quot;0&quot;,&quot;title&quot;:&quot;&quot;,&quot;orientation&quot;:&quot;6&quot;}\" data-image-title=\"Verdampfer\" data-image-description=\"\" data-medium-file=\"https:\/\/i0.wp.com\/metalltechnik-grossenhain.de\/wp-content\/uploads\/IMG_0694-e1552572975633.jpg?fit=225%2C300&#038;ssl=1\" data-large-file=\"https:\/\/i0.wp.com\/metalltechnik-grossenhain.de\/wp-content\/uploads\/IMG_0694-e1552572975633.jpg?fit=375%2C500&#038;ssl=1\" src=\"https:\/\/i0.wp.com\/metalltechnik-grossenhain.de\/wp-content\/uploads\/IMG_0694-e1552572975633.jpg?w=223&#038;h=297&#038;ssl=1\" width=\"223\" height=\"297\" data-original-width=\"223\" data-original-height=\"297\" itemprop=\"http:\/\/schema.org\/image\" title=\"Verdampfer\" alt=\"Verdampfer\" style=\"width: 223px; height: 297px;\" \/> <div class=\"tiled-gallery-caption\" itemprop=\"caption description\"> Widerstandsverdampfer <\/div> <\/div> <\/div> <!-- close group --> <div class=\"gallery-group images-1\" style=\"width: 301px; height: 301px;\" data-original-width=\"301\" data-original-height=\"301\" > <div class=\"tiled-gallery-item tiled-gallery-item-large\" itemprop=\"associatedMedia\" itemscope itemtype=\"http:\/\/schema.org\/ImageObject\"> <meta itemprop=\"width\" content=\"297\"> <meta itemprop=\"height\" content=\"297\"> <img loading=\"lazy\" data-attachment-id=\"842\" data-orig-file=\"https:\/\/metalltechnik-grossenhain.de\/wp-content\/uploads\/Stickstoff-SiAl-e1618473993945.jpg\" data-orig-size=\"1199,1199\" data-comments-opened=\"\" data-image-meta=\"{&quot;aperture&quot;:&quot;0&quot;,&quot;credit&quot;:&quot;&quot;,&quot;camera&quot;:&quot;&quot;,&quot;caption&quot;:&quot;&quot;,&quot;created_timestamp&quot;:&quot;0&quot;,&quot;copyright&quot;:&quot;&quot;,&quot;focal_length&quot;:&quot;0&quot;,&quot;iso&quot;:&quot;0&quot;,&quot;shutter_speed&quot;:&quot;0&quot;,&quot;title&quot;:&quot;&quot;,&quot;orientation&quot;:&quot;1&quot;}\" data-image-title=\"Stickstoffplasma Sputtern SiAl\" data-image-description=\"\" data-medium-file=\"https:\/\/i0.wp.com\/metalltechnik-grossenhain.de\/wp-content\/uploads\/Stickstoff-SiAl-e1618473993945.jpg?fit=300%2C300&#038;ssl=1\" data-large-file=\"https:\/\/i0.wp.com\/metalltechnik-grossenhain.de\/wp-content\/uploads\/Stickstoff-SiAl-e1618473993945.jpg?fit=500%2C500&#038;ssl=1\" src=\"https:\/\/i0.wp.com\/metalltechnik-grossenhain.de\/wp-content\/uploads\/Stickstoff-SiAl-e1618473993945.jpg?w=297&#038;h=297&#038;crop=1&#038;ssl=1\" width=\"297\" height=\"297\" data-original-width=\"297\" data-original-height=\"297\" itemprop=\"http:\/\/schema.org\/image\" title=\"Stickstoffplasma Sputtern SiAl\" alt=\"Glasbeschichtung mit Plasma\" style=\"width: 297px; height: 297px;\" \/> <div class=\"tiled-gallery-caption\" itemprop=\"caption description\"> Beschichtungstechnik <\/div> <\/div> <\/div> <!-- close group --> <div class=\"gallery-group images-1\" style=\"width: 226px; height: 301px;\" data-original-width=\"226\" data-original-height=\"301\" > <div class=\"tiled-gallery-item tiled-gallery-item-small\" itemprop=\"associatedMedia\" itemscope itemtype=\"http:\/\/schema.org\/ImageObject\"> <meta itemprop=\"width\" content=\"222\"> <meta itemprop=\"height\" content=\"297\"> <img loading=\"lazy\" data-attachment-id=\"838\" data-orig-file=\"https:\/\/metalltechnik-grossenhain.de\/wp-content\/uploads\/IMG_0670-e1552573204837.jpg\" data-orig-size=\"480,640\" data-comments-opened=\"\" data-image-meta=\"{&quot;aperture&quot;:&quot;0&quot;,&quot;credit&quot;:&quot;&quot;,&quot;camera&quot;:&quot;&quot;,&quot;caption&quot;:&quot;&quot;,&quot;created_timestamp&quot;:&quot;0&quot;,&quot;copyright&quot;:&quot;&quot;,&quot;focal_length&quot;:&quot;0&quot;,&quot;iso&quot;:&quot;0&quot;,&quot;shutter_speed&quot;:&quot;0&quot;,&quot;title&quot;:&quot;&quot;,&quot;orientation&quot;:&quot;1&quot;}\" data-image-title=\"Hohlkathode\" data-image-description=\"\" data-medium-file=\"https:\/\/i0.wp.com\/metalltechnik-grossenhain.de\/wp-content\/uploads\/IMG_0670-e1552573204837.jpg?fit=225%2C300&#038;ssl=1\" data-large-file=\"https:\/\/i0.wp.com\/metalltechnik-grossenhain.de\/wp-content\/uploads\/IMG_0670-e1552573204837.jpg?fit=375%2C500&#038;ssl=1\" src=\"https:\/\/i0.wp.com\/metalltechnik-grossenhain.de\/wp-content\/uploads\/IMG_0670-e1552573204837.jpg?w=222&#038;h=297&#038;ssl=1\" width=\"222\" height=\"297\" data-original-width=\"222\" data-original-height=\"297\" itemprop=\"http:\/\/schema.org\/image\" title=\"Hohlkathode\" alt=\"Hohlkathode\" style=\"width: 222px; height: 297px;\" \/> <div class=\"tiled-gallery-caption\" itemprop=\"caption description\"> Hohlkathode <\/div> <\/div> <\/div> <!-- close group --> <div class=\"gallery-group images-1\" style=\"width: 226px; height: 301px;\" data-original-width=\"226\" data-original-height=\"301\" > <div class=\"tiled-gallery-item tiled-gallery-item-small\" itemprop=\"associatedMedia\" itemscope itemtype=\"http:\/\/schema.org\/ImageObject\"> <meta itemprop=\"width\" content=\"222\"> <meta itemprop=\"height\" content=\"297\"> <img loading=\"lazy\" data-attachment-id=\"839\" data-orig-file=\"https:\/\/metalltechnik-grossenhain.de\/wp-content\/uploads\/IMG_0680-e1552573052411.jpg\" data-orig-size=\"375,500\" data-comments-opened=\"\" data-image-meta=\"{&quot;aperture&quot;:&quot;2.8&quot;,&quot;credit&quot;:&quot;&quot;,&quot;camera&quot;:&quot;iPhone 3G&quot;,&quot;caption&quot;:&quot;&quot;,&quot;created_timestamp&quot;:&quot;1291737736&quot;,&quot;copyright&quot;:&quot;&quot;,&quot;focal_length&quot;:&quot;0&quot;,&quot;iso&quot;:&quot;0&quot;,&quot;shutter_speed&quot;:&quot;0&quot;,&quot;title&quot;:&quot;&quot;,&quot;orientation&quot;:&quot;6&quot;}\" data-image-title=\"Magnetron sputtern\" data-image-description=\"\" data-medium-file=\"https:\/\/i0.wp.com\/metalltechnik-grossenhain.de\/wp-content\/uploads\/IMG_0680-e1552573052411.jpg?fit=225%2C300&#038;ssl=1\" data-large-file=\"https:\/\/i0.wp.com\/metalltechnik-grossenhain.de\/wp-content\/uploads\/IMG_0680-e1552573052411.jpg?fit=375%2C500&#038;ssl=1\" src=\"https:\/\/i0.wp.com\/metalltechnik-grossenhain.de\/wp-content\/uploads\/IMG_0680-e1552573052411.jpg?w=222&#038;h=297&#038;ssl=1\" width=\"222\" height=\"297\" data-original-width=\"222\" data-original-height=\"297\" itemprop=\"http:\/\/schema.org\/image\" title=\"Magnetron sputtern\" alt=\"Magnetron sputtern\" style=\"width: 222px; height: 297px;\" \/> <div class=\"tiled-gallery-caption\" itemprop=\"caption description\"> Magnetronsputtern <\/div> <\/div> <\/div> <!-- close group --> <\/div> <!-- close row --> <\/div>\t\t<\/div>\n\t\t\t\t<\/div>\n\t\t\t\t<\/div>\n\t\t\t\t\t\t<\/div>\n\t\t\t\t\t<\/div>\n\t\t<\/div>\n\t\t\t\t\t\t\t\t<\/div>\n\t\t\t\t\t<\/div>\n\t\t<\/section>\n\t\t\t\t<div class=\"elementor-element elementor-element-671613a5 elementor-widget-divider--view-line elementor-widget elementor-widget-divider\" data-id=\"671613a5\" data-element_type=\"widget\" data-widget_type=\"divider.default\">\n\t\t\t\t<div class=\"elementor-widget-container\">\n\t\t\t\t\t<div class=\"elementor-divider\">\n\t\t\t<span class=\"elementor-divider-separator\">\n\t\t\t\t\t\t<\/span>\n\t\t<\/div>\n\t\t\t\t<\/div>\n\t\t\t\t<\/div>\n\t\t\t\t<section class=\"elementor-section elementor-inner-section elementor-element elementor-element-275e1419 elementor-section-content-middle elementor-section-boxed elementor-section-height-default elementor-section-height-default\" data-id=\"275e1419\" data-element_type=\"section\">\n\t\t\t\t\t\t<div class=\"elementor-container elementor-column-gap-default\">\n\t\t\t\t\t\t\t<div class=\"elementor-row\">\n\t\t\t\t\t<div class=\"elementor-column elementor-col-66 elementor-inner-column elementor-element elementor-element-ae05cfb\" data-id=\"ae05cfb\" data-element_type=\"column\">\n\t\t\t<div class=\"elementor-column-wrap elementor-element-populated\">\n\t\t\t\t\t\t\t<div class=\"elementor-widget-wrap\">\n\t\t\t\t\t\t<div class=\"elementor-element elementor-element-c486589 elementor-widget elementor-widget-text-editor\" data-id=\"c486589\" data-element_type=\"widget\" data-widget_type=\"text-editor.default\">\n\t\t\t\t<div class=\"elementor-widget-container\">\n\t\t\t\t\t\t\t\t<div class=\"elementor-text-editor elementor-clearfix\">\n\t\t\t\t<p class=\"has-text-color has-medium-font-size has-very-dark-gray-color\"><span style=\"color: #ffffff;\">Wir beschichten im Vakuum Kunststoff- und Messingteile f\u00fcr die Firma Dr\u00e4ger Safety AG mit Sitz in L\u00fcbeck.<\/span><\/p><p class=\"has-medium-font-size\"><span style=\"color: #ffffff;\">Diese Anlage wurde von uns selbst f\u00fcr diesen Zweck ausgelegt, konstruiert und montiert.<\/span><\/p>\t\t\t\t\t<\/div>\n\t\t\t\t\t\t<\/div>\n\t\t\t\t<\/div>\n\t\t\t\t<div class=\"elementor-element elementor-element-3a354d1 elementor-widget elementor-widget-text-editor\" data-id=\"3a354d1\" data-element_type=\"widget\" data-widget_type=\"text-editor.default\">\n\t\t\t\t<div class=\"elementor-widget-container\">\n\t\t\t\t\t\t\t\t<div class=\"elementor-text-editor elementor-clearfix\">\n\t\t\t\t\t\t\t\t\t<\/div>\n\t\t\t\t\t\t<\/div>\n\t\t\t\t<\/div>\n\t\t\t\t\t\t<\/div>\n\t\t\t\t\t<\/div>\n\t\t<\/div>\n\t\t\t\t<div class=\"elementor-column elementor-col-33 elementor-inner-column elementor-element elementor-element-659ae10e\" data-id=\"659ae10e\" data-element_type=\"column\">\n\t\t\t<div class=\"elementor-column-wrap elementor-element-populated\">\n\t\t\t\t\t\t\t<div class=\"elementor-widget-wrap\">\n\t\t\t\t\t\t<div class=\"elementor-element elementor-element-1ef26105 elementor-widget elementor-widget-image-gallery\" data-id=\"1ef26105\" data-element_type=\"widget\" data-widget_type=\"image-gallery.default\">\n\t\t\t\t<div class=\"elementor-widget-container\">\n\t\t\t\t\t<div class=\"elementor-image-gallery\">\n\t\t\t<div class=\"tiled-gallery type-rectangular tiled-gallery-unresized\" data-original-width=\"980\" data-carousel-extra='null' itemscope itemtype=\"http:\/\/schema.org\/ImageGallery\" > <div class=\"gallery-row\" style=\"width: 980px; height: 654px;\" data-original-width=\"980\" data-original-height=\"654\" > <div class=\"gallery-group images-1\" style=\"width: 980px; height: 654px;\" data-original-width=\"980\" data-original-height=\"654\" > <div class=\"tiled-gallery-item tiled-gallery-item-large\" itemprop=\"associatedMedia\" itemscope itemtype=\"http:\/\/schema.org\/ImageObject\"> <meta itemprop=\"width\" content=\"976\"> <meta itemprop=\"height\" content=\"650\"> <img loading=\"lazy\" data-attachment-id=\"477\" data-orig-file=\"https:\/\/metalltechnik-grossenhain.de\/wp-content\/uploads\/2019\/02\/Oktober05-020.jpg.jpg\" data-orig-size=\"350,233\" data-comments-opened=\"1\" data-image-meta=\"{&quot;aperture&quot;:&quot;0&quot;,&quot;credit&quot;:&quot;&quot;,&quot;camera&quot;:&quot;&quot;,&quot;caption&quot;:&quot;&quot;,&quot;created_timestamp&quot;:&quot;0&quot;,&quot;copyright&quot;:&quot;&quot;,&quot;focal_length&quot;:&quot;0&quot;,&quot;iso&quot;:&quot;0&quot;,&quot;shutter_speed&quot;:&quot;0&quot;,&quot;title&quot;:&quot;&quot;,&quot;orientation&quot;:&quot;0&quot;}\" data-image-title=\"Oktober05 020.jpg\" data-image-description=\"\" data-medium-file=\"https:\/\/i0.wp.com\/metalltechnik-grossenhain.de\/wp-content\/uploads\/2019\/02\/Oktober05-020.jpg.jpg?fit=300%2C200&#038;ssl=1\" data-large-file=\"https:\/\/i0.wp.com\/metalltechnik-grossenhain.de\/wp-content\/uploads\/2019\/02\/Oktober05-020.jpg.jpg?fit=350%2C233&#038;ssl=1\" src=\"https:\/\/i0.wp.com\/metalltechnik-grossenhain.de\/wp-content\/uploads\/2019\/02\/Oktober05-020.jpg.jpg?w=976&#038;h=650&#038;ssl=1\" width=\"976\" height=\"650\" data-original-width=\"976\" data-original-height=\"650\" itemprop=\"http:\/\/schema.org\/image\" title=\"Oktober05 020.jpg\" alt=\"Plama900\" style=\"width: 976px; height: 650px;\" \/> <div class=\"tiled-gallery-caption\" itemprop=\"caption description\"> Plama900 <\/div> <\/div> <\/div> <!-- close group --> <\/div> <!-- close row --> <\/div>\t\t<\/div>\n\t\t\t\t<\/div>\n\t\t\t\t<\/div>\n\t\t\t\t\t\t<\/div>\n\t\t\t\t\t<\/div>\n\t\t<\/div>\n\t\t\t\t\t\t\t\t<\/div>\n\t\t\t\t\t<\/div>\n\t\t<\/section>\n\t\t\t\t\t\t<\/div>\n\t\t\t\t\t<\/div>\n\t\t<\/div>\n\t\t\t\t\t\t\t\t<\/div>\n\t\t\t\t\t<\/div>\n\t\t<\/section>\n\t\t\t\t\t\t\t\t\t<\/div>\n\t\t\t<\/div>\n\t\t\t\t\t<\/div>\n\t\t","protected":false},"excerpt":{"rendered":"<p>Widerstandsverdampfer Magnetronsputtern Hohlkathode Magnetronsputtern Wir beschichten im Vakuum Kunststoff- und Messingteile f\u00fcr die Firma Dr\u00e4ger Safety AG mit Sitz in L\u00fcbeck. Diese Anlage wurde von uns selbst f\u00fcr diesen Zweck ausgelegt, konstruiert und montiert. Plama900<\/p>\n","protected":false},"author":1,"featured_media":0,"parent":78,"menu_order":1,"comment_status":"closed","ping_status":"closed","template":"full-width.php","meta":{"advanced_seo_description":"","spay_email":""},"jetpack_sharing_enabled":true,"jetpack_likes_enabled":true,"_links":{"self":[{"href":"https:\/\/metalltechnik-grossenhain.de\/index.php?rest_route=\/wp\/v2\/pages\/833"}],"collection":[{"href":"https:\/\/metalltechnik-grossenhain.de\/index.php?rest_route=\/wp\/v2\/pages"}],"about":[{"href":"https:\/\/metalltechnik-grossenhain.de\/index.php?rest_route=\/wp\/v2\/types\/page"}],"author":[{"embeddable":true,"href":"https:\/\/metalltechnik-grossenhain.de\/index.php?rest_route=\/wp\/v2\/users\/1"}],"replies":[{"embeddable":true,"href":"https:\/\/metalltechnik-grossenhain.de\/index.php?rest_route=%2Fwp%2Fv2%2Fcomments&post=833"}],"version-history":[{"count":6,"href":"https:\/\/metalltechnik-grossenhain.de\/index.php?rest_route=\/wp\/v2\/pages\/833\/revisions"}],"predecessor-version":[{"id":848,"href":"https:\/\/metalltechnik-grossenhain.de\/index.php?rest_route=\/wp\/v2\/pages\/833\/revisions\/848"}],"up":[{"embeddable":true,"href":"https:\/\/metalltechnik-grossenhain.de\/index.php?rest_route=\/wp\/v2\/pages\/78"}],"wp:attachment":[{"href":"https:\/\/metalltechnik-grossenhain.de\/index.php?rest_route=%2Fwp%2Fv2%2Fmedia&parent=833"}],"curies":[{"name":"wp","href":"https:\/\/api.w.org\/{rel}","templated":true}]}}