{"id":866,"date":"2019-03-15T11:56:13","date_gmt":"2019-03-15T10:56:13","guid":{"rendered":"http:\/\/metalltechnik-grossenhain.de\/?page_id=866"},"modified":"2022-10-28T14:32:08","modified_gmt":"2022-10-28T12:32:08","slug":"job-und-karriere","status":"publish","type":"page","link":"https:\/\/metalltechnik-grossenhain.de\/?page_id=866","title":{"rendered":"Job und Karriere"},"content":{"rendered":"\t\t<div data-elementor-type=\"wp-post\" data-elementor-id=\"866\" class=\"elementor elementor-866\">\n\t\t\t\t\t\t<div class=\"elementor-inner\">\n\t\t\t\t<div class=\"elementor-section-wrap\">\n\t\t\t\t\t\t\t\t\t<section class=\"elementor-section elementor-top-section elementor-element elementor-element-b6a3766 elementor-section-content-middle elementor-section-boxed elementor-section-height-default elementor-section-height-default\" data-id=\"b6a3766\" data-element_type=\"section\" data-settings=\"{&quot;background_background&quot;:&quot;gradient&quot;}\">\n\t\t\t\t\t\t<div class=\"elementor-container elementor-column-gap-default\">\n\t\t\t\t\t\t\t<div class=\"elementor-row\">\n\t\t\t\t\t<div class=\"elementor-column elementor-col-100 elementor-top-column elementor-element elementor-element-d9e891a\" data-id=\"d9e891a\" data-element_type=\"column\">\n\t\t\t<div class=\"elementor-column-wrap elementor-element-populated\">\n\t\t\t\t\t\t\t<div class=\"elementor-widget-wrap\">\n\t\t\t\t\t\t<div class=\"elementor-element elementor-element-122d9be elementor-widget elementor-widget-heading\" data-id=\"122d9be\" data-element_type=\"widget\" data-widget_type=\"heading.default\">\n\t\t\t\t<div class=\"elementor-widget-container\">\n\t\t\t<h2 class=\"elementor-heading-title elementor-size-default\">Ausbildung<\/h2>\t\t<\/div>\n\t\t\t\t<\/div>\n\t\t\t\t<section class=\"elementor-section elementor-inner-section elementor-element elementor-element-70e6aa3 elementor-section-boxed elementor-section-height-default elementor-section-height-default\" data-id=\"70e6aa3\" data-element_type=\"section\">\n\t\t\t\t\t\t<div class=\"elementor-container elementor-column-gap-default\">\n\t\t\t\t\t\t\t<div class=\"elementor-row\">\n\t\t\t\t\t<div class=\"elementor-column elementor-col-33 elementor-inner-column elementor-element elementor-element-2183278\" data-id=\"2183278\" data-element_type=\"column\">\n\t\t\t<div class=\"elementor-column-wrap elementor-element-populated\">\n\t\t\t\t\t\t\t<div class=\"elementor-widget-wrap\">\n\t\t\t\t\t\t<div class=\"elementor-element elementor-element-2b022b8 elementor-widget elementor-widget-text-editor\" data-id=\"2b022b8\" data-element_type=\"widget\" data-widget_type=\"text-editor.default\">\n\t\t\t\t<div class=\"elementor-widget-container\">\n\t\t\t\t\t\t\t\t<div class=\"elementor-text-editor elementor-clearfix\">\n\t\t\t\t<h3><span style=\"color: #ffffff;\">Wir suchen Euch!<\/span><\/h3>\t\t\t\t\t<\/div>\n\t\t\t\t\t\t<\/div>\n\t\t\t\t<\/div>\n\t\t\t\t<div class=\"elementor-element elementor-element-355f32d elementor-widget elementor-widget-text-editor\" data-id=\"355f32d\" data-element_type=\"widget\" data-widget_type=\"text-editor.default\">\n\t\t\t\t<div class=\"elementor-widget-container\">\n\t\t\t\t\t\t\t\t<div class=\"elementor-text-editor elementor-clearfix\">\n\t\t\t\t<p>Sendet Eure kurze Bewerbung per Post oder per Email an Susann Nestler. s.nestler@metalltechnik-grossenhain.de<\/p>\t\t\t\t\t<\/div>\n\t\t\t\t\t\t<\/div>\n\t\t\t\t<\/div>\n\t\t\t\t<div class=\"elementor-element elementor-element-c2d4c7d elementor-widget elementor-widget-image\" data-id=\"c2d4c7d\" data-element_type=\"widget\" data-widget_type=\"image.default\">\n\t\t\t\t<div class=\"elementor-widget-container\">\n\t\t\t\t\t\t\t\t<div class=\"elementor-image\">\n\t\t\t\t\t\t\t\t\t\t\t\t<img width=\"300\" height=\"300\" src=\"https:\/\/i0.wp.com\/metalltechnik-grossenhain.de\/wp-content\/uploads\/2019\/03\/IMG_7189.jpg?fit=300%2C300&amp;ssl=1\" class=\"attachment-medium size-medium\" alt=\"Susann Nestler\" loading=\"lazy\" srcset=\"https:\/\/i0.wp.com\/metalltechnik-grossenhain.de\/wp-content\/uploads\/2019\/03\/IMG_7189.jpg?w=1000&amp;ssl=1 1000w, https:\/\/i0.wp.com\/metalltechnik-grossenhain.de\/wp-content\/uploads\/2019\/03\/IMG_7189.jpg?resize=150%2C150&amp;ssl=1 150w, https:\/\/i0.wp.com\/metalltechnik-grossenhain.de\/wp-content\/uploads\/2019\/03\/IMG_7189.jpg?resize=300%2C300&amp;ssl=1 300w, https:\/\/i0.wp.com\/metalltechnik-grossenhain.de\/wp-content\/uploads\/2019\/03\/IMG_7189.jpg?resize=768%2C768&amp;ssl=1 768w, https:\/\/i0.wp.com\/metalltechnik-grossenhain.de\/wp-content\/uploads\/2019\/03\/IMG_7189.jpg?resize=500%2C500&amp;ssl=1 500w\" sizes=\"(max-width: 300px) 100vw, 300px\" \/>\t\t\t\t\t\t\t\t\t\t\t\t\t\t<\/div>\n\t\t\t\t\t\t<\/div>\n\t\t\t\t<\/div>\n\t\t\t\t\t\t<\/div>\n\t\t\t\t\t<\/div>\n\t\t<\/div>\n\t\t\t\t<div class=\"elementor-column elementor-col-66 elementor-inner-column elementor-element elementor-element-c816c0f\" data-id=\"c816c0f\" data-element_type=\"column\">\n\t\t\t<div class=\"elementor-column-wrap elementor-element-populated\">\n\t\t\t\t\t\t\t<div class=\"elementor-widget-wrap\">\n\t\t\t\t\t\t<div class=\"elementor-element elementor-element-6dc7085 elementor-widget elementor-widget-toggle\" data-id=\"6dc7085\" data-element_type=\"widget\" data-widget_type=\"toggle.default\">\n\t\t\t\t<div class=\"elementor-widget-container\">\n\t\t\t\t\t<div class=\"elementor-toggle\" role=\"tablist\">\n\t\t\t\t\t\t\t<div class=\"elementor-toggle-item\">\n\t\t\t\t\t<div id=\"elementor-tab-title-1151\" class=\"elementor-tab-title\" data-tab=\"1\" role=\"tab\" aria-controls=\"elementor-tab-content-1151\" aria-expanded=\"false\">\n\t\t\t\t\t\t\t\t\t\t\t\t<span class=\"elementor-toggle-icon elementor-toggle-icon-left\" aria-hidden=\"true\">\n\t\t\t\t\t\t\t\t\t\t\t\t\t\t\t<span class=\"elementor-toggle-icon-closed\"><i class=\"fas fa-caret-right\"><\/i><\/span>\n\t\t\t\t\t\t\t\t<span class=\"elementor-toggle-icon-opened\"><i class=\"elementor-toggle-icon-opened fas fa-caret-up\"><\/i><\/span>\n\t\t\t\t\t\t\t\t\t\t\t\t\t<\/span>\n\t\t\t\t\t\t\t\t\t\t\t\t<a href=\"\" class=\"elementor-toggle-title\">Zerspanungsmechaniker \/ Werkzeugmechaniker \/ Feinwerkmechaniker m\/w\/d<\/a>\n\t\t\t\t\t<\/div>\n\n\t\t\t\t\t<div id=\"elementor-tab-content-1151\" class=\"elementor-tab-content elementor-clearfix\" data-tab=\"1\" role=\"tabpanel\" aria-labelledby=\"elementor-tab-title-1151\"><p>Zerspanungsmechaniker\/innen fertigen Pr\u00e4zisionsbauteile aus Metall durch spanende Verfahren wie Drehen, Fr\u00e4sen oder Schleifen.<\/p><p>Dabei arbeiten sie in der Regel mit CNC-gesteuerten Werkzeugmaschinen. Diese richten sie ein und \u00fcberwachen den Fertigungsprozess.<\/p><p>Deine Eckdaten:<\/p><ul><li>Ausbildungszeit: 3,5 Jahre<\/li><li>Realschulabschluss<\/li><li>Mathe \/ Physik gut<\/li><li>sorgf\u00e4ltiges Arbeiten\u00a0<\/li><li>gutes r\u00e4umliches Vorstellungsverm\u00f6gen<\/li><li><br \/><div style=\"width: 980px;\" class=\"wp-video\"><!--[if lt IE 9]><script>document.createElement('video');<\/script><![endif]-->\n<video class=\"wp-video-shortcode\" id=\"video-866-1\" width=\"980\" height=\"551\" preload=\"metadata\" controls=\"controls\"><source type=\"video\/mp4\" src=\"https:\/\/metalltechnik-grossenhain.de\/wp-content\/uploads\/Drehen-auf-LB45.mp4?_=1\" \/><a href=\"https:\/\/metalltechnik-grossenhain.de\/wp-content\/uploads\/Drehen-auf-LB45.mp4\">https:\/\/metalltechnik-grossenhain.de\/wp-content\/uploads\/Drehen-auf-LB45.mp4<\/a><\/video><\/div><\/li><\/ul><\/div>\n\t\t\t\t<\/div>\n\t\t\t\t\t\t\t<div class=\"elementor-toggle-item\">\n\t\t\t\t\t<div id=\"elementor-tab-title-1152\" class=\"elementor-tab-title\" data-tab=\"2\" role=\"tab\" aria-controls=\"elementor-tab-content-1152\" aria-expanded=\"false\">\n\t\t\t\t\t\t\t\t\t\t\t\t<span class=\"elementor-toggle-icon elementor-toggle-icon-left\" aria-hidden=\"true\">\n\t\t\t\t\t\t\t\t\t\t\t\t\t\t\t<span class=\"elementor-toggle-icon-closed\"><i class=\"fas fa-caret-right\"><\/i><\/span>\n\t\t\t\t\t\t\t\t<span class=\"elementor-toggle-icon-opened\"><i class=\"elementor-toggle-icon-opened fas fa-caret-up\"><\/i><\/span>\n\t\t\t\t\t\t\t\t\t\t\t\t\t<\/span>\n\t\t\t\t\t\t\t\t\t\t\t\t<a href=\"\" class=\"elementor-toggle-title\">Mechatroniker w\/m\/d<\/a>\n\t\t\t\t\t<\/div>\n\n\t\t\t\t\t<div id=\"elementor-tab-content-1152\" class=\"elementor-tab-content elementor-clearfix\" data-tab=\"2\" role=\"tabpanel\" aria-labelledby=\"elementor-tab-title-1152\"><p>Mechatroniker\/innen bauen mechanische, elektrische und elektronische Komponenten zu komplexen Systemen zusammen, installieren Steuerungssoftware und halten die Systeme instand.<\/p><p>Deine Eckdaten:<\/p><ul><li>Ausbildungszeit: 3,5 Jahre<\/li><li>Realschulabschluss<\/li><li>Mathe \/ Physik gut<\/li><li>sorgf\u00e4ltiges, verantwortungsbewusstes Arbeiten\u00a0<\/li><li>gutes logisches Vorstellungsverm\u00f6gen<\/li><\/ul><\/div>\n\t\t\t\t<\/div>\n\t\t\t\t\t\t\t<div class=\"elementor-toggle-item\">\n\t\t\t\t\t<div id=\"elementor-tab-title-1153\" class=\"elementor-tab-title\" data-tab=\"3\" role=\"tab\" aria-controls=\"elementor-tab-content-1153\" aria-expanded=\"false\">\n\t\t\t\t\t\t\t\t\t\t\t\t<span class=\"elementor-toggle-icon elementor-toggle-icon-left\" aria-hidden=\"true\">\n\t\t\t\t\t\t\t\t\t\t\t\t\t\t\t<span class=\"elementor-toggle-icon-closed\"><i class=\"fas fa-caret-right\"><\/i><\/span>\n\t\t\t\t\t\t\t\t<span class=\"elementor-toggle-icon-opened\"><i class=\"elementor-toggle-icon-opened fas fa-caret-up\"><\/i><\/span>\n\t\t\t\t\t\t\t\t\t\t\t\t\t<\/span>\n\t\t\t\t\t\t\t\t\t\t\t\t<a href=\"\" class=\"elementor-toggle-title\">Bachelor Maschinenbau w\/m\/d<\/a>\n\t\t\t\t\t<\/div>\n\n\t\t\t\t\t<div id=\"elementor-tab-content-1153\" class=\"elementor-tab-content elementor-clearfix\" data-tab=\"3\" role=\"tabpanel\" aria-labelledby=\"elementor-tab-title-1153\"><ul><li>Regelstudienzeit drei Jahre in Riesa<\/li><li>Duales Studium (praktisch und theoretisch)<\/li><li>Ausbildungsverg\u00fctung und ggf. BAf\u00f6G<\/li><li>Studienbeginn jeweils am 1. Oktober des laufenden Jahres<\/li><li>Abschluss: Bachelor of Engineering (B.Eng.)<\/li><li><img loading=\"lazy\" class=\"alignleft wp-image-875\" src=\"https:\/\/i0.wp.com\/metalltechnik-grossenhain.de\/wp-content\/uploads\/Logo_Praxispartner_RGB.png?resize=150%2C48\" alt=\"Logo Praxispartner\" width=\"150\" height=\"48\" data-recalc-dims=\"1\" srcset=\"https:\/\/i0.wp.com\/metalltechnik-grossenhain.de\/wp-content\/uploads\/Logo_Praxispartner_RGB.png?w=783&amp;ssl=1 783w, https:\/\/i0.wp.com\/metalltechnik-grossenhain.de\/wp-content\/uploads\/Logo_Praxispartner_RGB.png?resize=300%2C97&amp;ssl=1 300w, https:\/\/i0.wp.com\/metalltechnik-grossenhain.de\/wp-content\/uploads\/Logo_Praxispartner_RGB.png?resize=768%2C247&amp;ssl=1 768w, https:\/\/i0.wp.com\/metalltechnik-grossenhain.de\/wp-content\/uploads\/Logo_Praxispartner_RGB.png?resize=500%2C161&amp;ssl=1 500w\" sizes=\"(max-width: 150px) 100vw, 150px\" \/><\/li><\/ul><\/div>\n\t\t\t\t<\/div>\n\t\t\t\t\t\t\t<div class=\"elementor-toggle-item\">\n\t\t\t\t\t<div id=\"elementor-tab-title-1154\" class=\"elementor-tab-title\" data-tab=\"4\" role=\"tab\" aria-controls=\"elementor-tab-content-1154\" aria-expanded=\"false\">\n\t\t\t\t\t\t\t\t\t\t\t\t<span class=\"elementor-toggle-icon elementor-toggle-icon-left\" aria-hidden=\"true\">\n\t\t\t\t\t\t\t\t\t\t\t\t\t\t\t<span class=\"elementor-toggle-icon-closed\"><i class=\"fas fa-caret-right\"><\/i><\/span>\n\t\t\t\t\t\t\t\t<span class=\"elementor-toggle-icon-opened\"><i class=\"elementor-toggle-icon-opened fas fa-caret-up\"><\/i><\/span>\n\t\t\t\t\t\t\t\t\t\t\t\t\t<\/span>\n\t\t\t\t\t\t\t\t\t\t\t\t<a href=\"\" class=\"elementor-toggle-title\">Bachelor Betriebswirtschaft w\/m\/d<\/a>\n\t\t\t\t\t<\/div>\n\n\t\t\t\t\t<div id=\"elementor-tab-content-1154\" class=\"elementor-tab-content elementor-clearfix\" data-tab=\"4\" role=\"tabpanel\" aria-labelledby=\"elementor-tab-title-1154\"><ul><li>&#8212; aktuell nicht m\u00f6glich &#8212;<\/li><li>Regelstudienzeit drei Jahre in Dresden<\/li><li>Duales Studium (praktisch und theoretisch)<\/li><li>Ausbildungsverg\u00fctung und ggf. BAf\u00f6G<\/li><li>Studienbeginn jeweils am 1. Oktober des laufenden Jahres<\/li><li>Abschluss: Bachelor of Arts (B.A.)<\/li><li><img loading=\"lazy\" class=\"alignleft wp-image-875\" src=\"https:\/\/i0.wp.com\/metalltechnik-grossenhain.de\/wp-content\/uploads\/Logo_Praxispartner_RGB-300x97.png?resize=150%2C48\" alt=\"Logo Praxispartner\" width=\"150\" height=\"48\" data-recalc-dims=\"1\" srcset=\"https:\/\/i0.wp.com\/metalltechnik-grossenhain.de\/wp-content\/uploads\/Logo_Praxispartner_RGB.png?resize=300%2C97&amp;ssl=1 300w, https:\/\/i0.wp.com\/metalltechnik-grossenhain.de\/wp-content\/uploads\/Logo_Praxispartner_RGB.png?resize=768%2C247&amp;ssl=1 768w, https:\/\/i0.wp.com\/metalltechnik-grossenhain.de\/wp-content\/uploads\/Logo_Praxispartner_RGB.png?resize=500%2C161&amp;ssl=1 500w, https:\/\/i0.wp.com\/metalltechnik-grossenhain.de\/wp-content\/uploads\/Logo_Praxispartner_RGB.png?w=783&amp;ssl=1 783w\" sizes=\"(max-width: 150px) 100vw, 150px\" \/><\/li><\/ul><\/div>\n\t\t\t\t<\/div>\n\t\t\t\t\t\t\t<div class=\"elementor-toggle-item\">\n\t\t\t\t\t<div id=\"elementor-tab-title-1155\" class=\"elementor-tab-title\" data-tab=\"5\" role=\"tab\" aria-controls=\"elementor-tab-content-1155\" aria-expanded=\"false\">\n\t\t\t\t\t\t\t\t\t\t\t\t<span class=\"elementor-toggle-icon elementor-toggle-icon-left\" aria-hidden=\"true\">\n\t\t\t\t\t\t\t\t\t\t\t\t\t\t\t<span class=\"elementor-toggle-icon-closed\"><i class=\"fas fa-caret-right\"><\/i><\/span>\n\t\t\t\t\t\t\t\t<span class=\"elementor-toggle-icon-opened\"><i class=\"elementor-toggle-icon-opened fas fa-caret-up\"><\/i><\/span>\n\t\t\t\t\t\t\t\t\t\t\t\t\t<\/span>\n\t\t\t\t\t\t\t\t\t\t\t\t<a href=\"\" class=\"elementor-toggle-title\">Sch\u00fclerpraktikum w\/m\/d<\/a>\n\t\t\t\t\t<\/div>\n\n\t\t\t\t\t<div id=\"elementor-tab-content-1155\" class=\"elementor-tab-content elementor-clearfix\" data-tab=\"5\" role=\"tabpanel\" aria-labelledby=\"elementor-tab-title-1155\"><p>Wir bieten allen an Technik interessierten Sch\u00fclern Schnuppertage und Sch\u00fclerpraktika bei uns im Unternehmen an. Dabei steht im Vordergrund, den Arbeitsalltag mit seinen t\u00e4glich zu meisternden Aufgaben kennenzulernen.<\/p><\/div>\n\t\t\t\t<\/div>\n\t\t\t\t\t\t\t\t<\/div>\n\t\t\t\t<\/div>\n\t\t\t\t<\/div>\n\t\t\t\t\t\t<\/div>\n\t\t\t\t\t<\/div>\n\t\t<\/div>\n\t\t\t\t\t\t\t\t<\/div>\n\t\t\t\t\t<\/div>\n\t\t<\/section>\n\t\t\t\t\t\t<\/div>\n\t\t\t\t\t<\/div>\n\t\t<\/div>\n\t\t\t\t\t\t\t\t<\/div>\n\t\t\t\t\t<\/div>\n\t\t<\/section>\n\t\t\t\t<section class=\"elementor-section elementor-top-section elementor-element elementor-element-f2d751f elementor-section-boxed elementor-section-height-default elementor-section-height-default\" data-id=\"f2d751f\" data-element_type=\"section\">\n\t\t\t\t\t\t<div class=\"elementor-container elementor-column-gap-default\">\n\t\t\t\t\t\t\t<div class=\"elementor-row\">\n\t\t\t\t\t<div class=\"elementor-column elementor-col-100 elementor-top-column elementor-element elementor-element-afe29dc\" data-id=\"afe29dc\" data-element_type=\"column\">\n\t\t\t<div class=\"elementor-column-wrap elementor-element-populated\">\n\t\t\t\t\t\t\t<div class=\"elementor-widget-wrap\">\n\t\t\t\t\t\t<div class=\"elementor-element elementor-element-4aff662 elementor-widget elementor-widget-spacer\" data-id=\"4aff662\" data-element_type=\"widget\" data-widget_type=\"spacer.default\">\n\t\t\t\t<div class=\"elementor-widget-container\">\n\t\t\t\t\t<div class=\"elementor-spacer\">\n\t\t\t<div class=\"elementor-spacer-inner\"><\/div>\n\t\t<\/div>\n\t\t\t\t<\/div>\n\t\t\t\t<\/div>\n\t\t\t\t\t\t<\/div>\n\t\t\t\t\t<\/div>\n\t\t<\/div>\n\t\t\t\t\t\t\t\t<\/div>\n\t\t\t\t\t<\/div>\n\t\t<\/section>\n\t\t\t\t<section class=\"elementor-section elementor-top-section elementor-element elementor-element-ed7abc1 elementor-section-boxed elementor-section-height-default elementor-section-height-default\" data-id=\"ed7abc1\" data-element_type=\"section\" data-settings=\"{&quot;background_background&quot;:&quot;gradient&quot;}\">\n\t\t\t\t\t\t<div class=\"elementor-container elementor-column-gap-default\">\n\t\t\t\t\t\t\t<div class=\"elementor-row\">\n\t\t\t\t\t<div class=\"elementor-column elementor-col-100 elementor-top-column elementor-element elementor-element-4ba150a\" data-id=\"4ba150a\" data-element_type=\"column\">\n\t\t\t<div class=\"elementor-column-wrap elementor-element-populated\">\n\t\t\t\t\t\t\t<div class=\"elementor-widget-wrap\">\n\t\t\t\t\t\t<div class=\"elementor-element elementor-element-bae2923 elementor-widget elementor-widget-heading\" data-id=\"bae2923\" data-element_type=\"widget\" data-widget_type=\"heading.default\">\n\t\t\t\t<div class=\"elementor-widget-container\">\n\t\t\t<h2 class=\"elementor-heading-title elementor-size-default\">Karriere<\/h2>\t\t<\/div>\n\t\t\t\t<\/div>\n\t\t\t\t<section class=\"elementor-section elementor-inner-section elementor-element elementor-element-a21c7aa elementor-section-boxed elementor-section-height-default elementor-section-height-default\" data-id=\"a21c7aa\" data-element_type=\"section\">\n\t\t\t\t\t\t<div class=\"elementor-container elementor-column-gap-default\">\n\t\t\t\t\t\t\t<div class=\"elementor-row\">\n\t\t\t\t\t<div class=\"elementor-column elementor-col-33 elementor-inner-column elementor-element elementor-element-5189349\" data-id=\"5189349\" data-element_type=\"column\">\n\t\t\t<div class=\"elementor-column-wrap elementor-element-populated\">\n\t\t\t\t\t\t\t<div class=\"elementor-widget-wrap\">\n\t\t\t\t\t\t<div class=\"elementor-element elementor-element-6d8dbb3 elementor-widget elementor-widget-text-editor\" data-id=\"6d8dbb3\" data-element_type=\"widget\" data-widget_type=\"text-editor.default\">\n\t\t\t\t<div class=\"elementor-widget-container\">\n\t\t\t\t\t\t\t\t<div class=\"elementor-text-editor elementor-clearfix\">\n\t\t\t\t<h3><span style=\"color: #ffffff;\">Wir suchen Sie!<\/span><\/h3>\t\t\t\t\t<\/div>\n\t\t\t\t\t\t<\/div>\n\t\t\t\t<\/div>\n\t\t\t\t<div class=\"elementor-element elementor-element-4edfec6 elementor-widget elementor-widget-text-editor\" data-id=\"4edfec6\" data-element_type=\"widget\" data-widget_type=\"text-editor.default\">\n\t\t\t\t<div class=\"elementor-widget-container\">\n\t\t\t\t\t\t\t\t<div class=\"elementor-text-editor elementor-clearfix\">\n\t\t\t\t<p><span style=\"color: #ffffff;\">Zerspanungsmechaniker<\/span><\/p>\t\t\t\t\t<\/div>\n\t\t\t\t\t\t<\/div>\n\t\t\t\t<\/div>\n\t\t\t\t\t\t<\/div>\n\t\t\t\t\t<\/div>\n\t\t<\/div>\n\t\t\t\t<div class=\"elementor-column elementor-col-33 elementor-inner-column elementor-element elementor-element-3750e44\" data-id=\"3750e44\" data-element_type=\"column\">\n\t\t\t<div class=\"elementor-column-wrap elementor-element-populated\">\n\t\t\t\t\t\t\t<div class=\"elementor-widget-wrap\">\n\t\t\t\t\t\t<div class=\"elementor-element elementor-element-4bf3091 elementor-widget elementor-widget-text-editor\" data-id=\"4bf3091\" data-element_type=\"widget\" data-widget_type=\"text-editor.default\">\n\t\t\t\t<div class=\"elementor-widget-container\">\n\t\t\t\t\t\t\t\t<div class=\"elementor-text-editor elementor-clearfix\">\n\t\t\t\t<h4><span style=\"color: #ffffff;\">Das bieten wir:<\/span><\/h4>\t\t\t\t\t<\/div>\n\t\t\t\t\t\t<\/div>\n\t\t\t\t<\/div>\n\t\t\t\t<div class=\"elementor-element elementor-element-d955adf elementor-icon-list--layout-traditional elementor-list-item-link-full_width elementor-widget elementor-widget-icon-list\" data-id=\"d955adf\" data-element_type=\"widget\" data-widget_type=\"icon-list.default\">\n\t\t\t\t<div class=\"elementor-widget-container\">\n\t\t\t\t\t<ul class=\"elementor-icon-list-items\">\n\t\t\t\t\t\t\t<li class=\"elementor-icon-list-item\">\n\t\t\t\t\t\t\t\t\t\t\t<span class=\"elementor-icon-list-icon\">\n\t\t\t\t\t\t\t\t\t\t\t\t\t\t\t\t<i class=\"fa fa-check\" aria-hidden=\"true\"><\/i>\n\t\t\t\t\t\t\t\t\t\t\t\t\t<\/span>\n\t\t\t\t\t\t\t\t\t\t<span class=\"elementor-icon-list-text\">flache Hirachien<\/span>\n\t\t\t\t\t\t\t\t\t<\/li>\n\t\t\t\t\t\t\t\t<li class=\"elementor-icon-list-item\">\n\t\t\t\t\t\t\t\t\t\t\t<span class=\"elementor-icon-list-icon\">\n\t\t\t\t\t\t\t\t\t\t\t\t\t\t\t\t<i class=\"fa fa-thumbs-up\" aria-hidden=\"true\"><\/i>\n\t\t\t\t\t\t\t\t\t\t\t\t\t<\/span>\n\t\t\t\t\t\t\t\t\t\t<span class=\"elementor-icon-list-text\">leistungsgerechte Entlohnung<\/span>\n\t\t\t\t\t\t\t\t\t<\/li>\n\t\t\t\t\t\t\t\t<li class=\"elementor-icon-list-item\">\n\t\t\t\t\t\t\t\t\t\t\t<span class=\"elementor-icon-list-icon\">\n\t\t\t\t\t\t\t\t\t\t\t\t\t\t\t\t<i class=\"fa fa-male\" aria-hidden=\"true\"><\/i>\n\t\t\t\t\t\t\t\t\t\t\t\t\t<\/span>\n\t\t\t\t\t\t\t\t\t\t<span class=\"elementor-icon-list-text\">angenehmes Team<br><\/span>\n\t\t\t\t\t\t\t\t\t<\/li>\n\t\t\t\t\t\t\t\t<li class=\"elementor-icon-list-item\">\n\t\t\t\t\t\t\t\t\t\t\t<span class=\"elementor-icon-list-icon\">\n\t\t\t\t\t\t\t\t\t\t\t\t\t\t\t\t<i class=\"fa fa-calculator\" aria-hidden=\"true\"><\/i>\n\t\t\t\t\t\t\t\t\t\t\t\t\t<\/span>\n\t\t\t\t\t\t\t\t\t\t<span class=\"elementor-icon-list-text\">Abwechslungsreiche Arbeiten durch Programmierung direkt an der Maschine.<\/span>\n\t\t\t\t\t\t\t\t\t<\/li>\n\t\t\t\t\t\t\t\t<li class=\"elementor-icon-list-item\">\n\t\t\t\t\t\t\t\t\t\t\t<span class=\"elementor-icon-list-icon\">\n\t\t\t\t\t\t\t\t\t\t\t\t\t\t\t\t<i class=\"fa fa-check\" aria-hidden=\"true\"><\/i>\n\t\t\t\t\t\t\t\t\t\t\t\t\t<\/span>\n\t\t\t\t\t\t\t\t\t\t<span class=\"elementor-icon-list-text\">hohes Ma\u00df an Eigenverantwortung<\/span>\n\t\t\t\t\t\t\t\t\t<\/li>\n\t\t\t\t\t\t<\/ul>\n\t\t\t\t<\/div>\n\t\t\t\t<\/div>\n\t\t\t\t\t\t<\/div>\n\t\t\t\t\t<\/div>\n\t\t<\/div>\n\t\t\t\t<div class=\"elementor-column elementor-col-33 elementor-inner-column elementor-element elementor-element-6c150d9\" data-id=\"6c150d9\" data-element_type=\"column\">\n\t\t\t<div class=\"elementor-column-wrap elementor-element-populated\">\n\t\t\t\t\t\t\t<div class=\"elementor-widget-wrap\">\n\t\t\t\t\t\t<div class=\"elementor-element elementor-element-ccf43df elementor-widget elementor-widget-text-editor\" data-id=\"ccf43df\" data-element_type=\"widget\" data-widget_type=\"text-editor.default\">\n\t\t\t\t<div class=\"elementor-widget-container\">\n\t\t\t\t\t\t\t\t<div class=\"elementor-text-editor elementor-clearfix\">\n\t\t\t\t<p style=\"text-align: center;\"><span style=\"color: #ffffff;\">Bewerbungen richten Sie bitte an <strong>Susann Nestler<\/strong><a style=\"color: #ffffff;\" href=\"http:\/\/metalltechnik-grossenhain.de\/?page_id=316\" target=\"_blank\" rel=\"noopener\"><strong>.<\/strong><\/a><\/span><\/p>\t\t\t\t\t<\/div>\n\t\t\t\t\t\t<\/div>\n\t\t\t\t<\/div>\n\t\t\t\t<div class=\"elementor-element elementor-element-f6b0afd elementor-drop-cap-yes elementor-drop-cap-view-default elementor-widget elementor-widget-text-editor\" data-id=\"f6b0afd\" data-element_type=\"widget\" data-settings=\"{&quot;drop_cap&quot;:&quot;yes&quot;}\" data-widget_type=\"text-editor.default\">\n\t\t\t\t<div class=\"elementor-widget-container\">\n\t\t\t\t\t\t\t\t<div class=\"elementor-text-editor elementor-clearfix\">\n\t\t\t\t<div>Ben\u00f6tigte Informationen:<\/div><ul><li><span style=\"color: #ffffff;\">Lebenslauf<\/span><\/li><li><span style=\"color: #ffffff;\">Gehaltsvorstellung<\/span><\/li><li><span style=\"color: #ffffff;\">fr\u00fchest m\u00f6glicher Einstellungsbeginn <\/span><\/li><\/ul>\t\t\t\t\t<\/div>\n\t\t\t\t\t\t<\/div>\n\t\t\t\t<\/div>\n\t\t\t\t\t\t<\/div>\n\t\t\t\t\t<\/div>\n\t\t<\/div>\n\t\t\t\t\t\t\t\t<\/div>\n\t\t\t\t\t<\/div>\n\t\t<\/section>\n\t\t\t\t\t\t<\/div>\n\t\t\t\t\t<\/div>\n\t\t<\/div>\n\t\t\t\t\t\t\t\t<\/div>\n\t\t\t\t\t<\/div>\n\t\t<\/section>\n\t\t\t\t\t\t\t\t\t<\/div>\n\t\t\t<\/div>\n\t\t\t\t\t<\/div>\n\t\t","protected":false},"excerpt":{"rendered":"<p>Ausbildung Wir suchen Euch! Sendet Eure kurze Bewerbung per Post oder per Email an Susann Nestler. s.nestler@metalltechnik-grossenhain.de Zerspanungsmechaniker \/ Werkzeugmechaniker \/ Feinwerkmechaniker m\/w\/d Zerspanungsmechaniker\/innen fertigen Pr\u00e4zisionsbauteile aus Metall durch spanende Verfahren wie Drehen, Fr\u00e4sen oder Schleifen. Dabei arbeiten sie in der Regel mit CNC-gesteuerten Werkzeugmaschinen. Diese richten sie ein und \u00fcberwachen den Fertigungsprozess. Deine Eckdaten: [&hellip;]<\/p>\n","protected":false},"author":1,"featured_media":0,"parent":0,"menu_order":0,"comment_status":"closed","ping_status":"closed","template":"full-width.php","meta":{"advanced_seo_description":"","spay_email":""},"jetpack_sharing_enabled":true,"jetpack_likes_enabled":true,"_links":{"self":[{"href":"https:\/\/metalltechnik-grossenhain.de\/index.php?rest_route=\/wp\/v2\/pages\/866"}],"collection":[{"href":"https:\/\/metalltechnik-grossenhain.de\/index.php?rest_route=\/wp\/v2\/pages"}],"about":[{"href":"https:\/\/metalltechnik-grossenhain.de\/index.php?rest_route=\/wp\/v2\/types\/page"}],"author":[{"embeddable":true,"href":"https:\/\/metalltechnik-grossenhain.de\/index.php?rest_route=\/wp\/v2\/users\/1"}],"replies":[{"embeddable":true,"href":"https:\/\/metalltechnik-grossenhain.de\/index.php?rest_route=%2Fwp%2Fv2%2Fcomments&post=866"}],"version-history":[{"count":60,"href":"https:\/\/metalltechnik-grossenhain.de\/index.php?rest_route=\/wp\/v2\/pages\/866\/revisions"}],"predecessor-version":[{"id":1948,"href":"https:\/\/metalltechnik-grossenhain.de\/index.php?rest_route=\/wp\/v2\/pages\/866\/revisions\/1948"}],"wp:attachment":[{"href":"https:\/\/metalltechnik-grossenhain.de\/index.php?rest_route=%2Fwp%2Fv2%2Fmedia&parent=866"}],"curies":[{"name":"wp","href":"https:\/\/api.w.org\/{rel}","templated":true}]}}